{"id":1500,"date":"2017-10-04T16:19:48","date_gmt":"2017-10-04T15:19:48","guid":{"rendered":"http:\/\/kawallaby.com\/?page_id=1500"},"modified":"2017-10-04T20:16:17","modified_gmt":"2017-10-04T19:16:17","slug":"premiere-l","status":"publish","type":"page","link":"https:\/\/kawallaby.com\/index.php\/premiere-l\/","title":{"rendered":"PREMIERE L"},"content":{"rendered":"<p>[et_pb_section admin_label=\u00a0\u00bbsection\u00a0\u00bb transparent_background=\u00a0\u00bboff\u00a0\u00bb background_color=\u00a0\u00bbrgba(255,255,255,0)\u00a0\u00bb allow_player_pause=\u00a0\u00bboff\u00a0\u00bb inner_shadow=\u00a0\u00bboff\u00a0\u00bb parallax=\u00a0\u00bboff\u00a0\u00bb parallax_method=\u00a0\u00bboff\u00a0\u00bb padding_mobile=\u00a0\u00bboff\u00a0\u00bb make_fullwidth=\u00a0\u00bboff\u00a0\u00bb use_custom_width=\u00a0\u00bboff\u00a0\u00bb width_unit=\u00a0\u00bbon\u00a0\u00bb make_equal=\u00a0\u00bboff\u00a0\u00bb use_custom_gutter=\u00a0\u00bboff\u00a0\u00bb][et_pb_row admin_label=\u00a0\u00bbrow\u00a0\u00bb][et_pb_column type=\u00a0\u00bb1_4&Prime;][\/et_pb_column][et_pb_column type=\u00a0\u00bb1_2&Prime;][et_pb_text admin_label=\u00a0\u00bbTexte\u00a0\u00bb background_layout=\u00a0\u00bbdark\u00a0\u00bb text_orientation=\u00a0\u00bbleft\u00a0\u00bb use_border_color=\u00a0\u00bboff\u00a0\u00bb border_color=\u00a0\u00bb#ffffff\u00a0\u00bb border_style=\u00a0\u00bbsolid\u00a0\u00bb]<\/p>\n<p>&nbsp;<\/p>\n<p><strong>Tu souhaites avoir acc\u00e8s <\/strong>aux documents de cours ou encore \u00e0 divers liens vers des animations, des articles, des sites ou encore des vid\u00e9os en rapport avec les notions vues en classe de premi\u00e8re L et ES ? Alors cette section est faite pour toi ! <em><strong>Clique sur les ic\u00f4nes des th\u00e8mes pour aller plus loin !<\/strong><\/em><\/p>\n<p>[\/et_pb_text][\/et_pb_column][et_pb_column type=\u00a0\u00bb1_4&Prime;][et_pb_image admin_label=\u00a0\u00bbImage\u00a0\u00bb src=\u00a0\u00bbhttp:\/\/kawallaby.com\/wp-content\/uploads\/2016\/04\/01-Logos-Enseignements-LQ-1NS.png\u00a0\u00bb show_in_lightbox=\u00a0\u00bboff\u00a0\u00bb url_new_window=\u00a0\u00bboff\u00a0\u00bb use_overlay=\u00a0\u00bboff\u00a0\u00bb animation=\u00a0\u00bbright\u00a0\u00bb sticky=\u00a0\u00bboff\u00a0\u00bb align=\u00a0\u00bbleft\u00a0\u00bb force_fullwidth=\u00a0\u00bboff\u00a0\u00bb always_center_on_mobile=\u00a0\u00bbon\u00a0\u00bb use_border_color=\u00a0\u00bboff\u00a0\u00bb border_color=\u00a0\u00bb#ffffff\u00a0\u00bb border_style=\u00a0\u00bbsolid\u00a0\u00bb] [\/et_pb_image][\/et_pb_column][\/et_pb_row][et_pb_row admin_label=\u00a0\u00bbLigne\u00a0\u00bb][et_pb_column type=\u00a0\u00bb1_3&Prime;][et_pb_image admin_label=\u00a0\u00bbImage\u00a0\u00bb src=\u00a0\u00bbhttp:\/\/kawallaby.com\/wp-content\/uploads\/2017\/10\/04-Logos-LQ-1L-THEME-1.png\u00a0\u00bb show_in_lightbox=\u00a0\u00bboff\u00a0\u00bb url_new_window=\u00a0\u00bboff\u00a0\u00bb use_overlay=\u00a0\u00bboff\u00a0\u00bb animation=\u00a0\u00bboff\u00a0\u00bb sticky=\u00a0\u00bboff\u00a0\u00bb align=\u00a0\u00bbleft\u00a0\u00bb force_fullwidth=\u00a0\u00bboff\u00a0\u00bb always_center_on_mobile=\u00a0\u00bbon\u00a0\u00bb use_border_color=\u00a0\u00bboff\u00a0\u00bb border_color=\u00a0\u00bb#ffffff\u00a0\u00bb border_style=\u00a0\u00bbsolid\u00a0\u00bb url=\u00a0\u00bbhttp:\/\/kawallaby.com\/index.php\/premiere-l-theme-1\/ \u00ab\u00a0] [\/et_pb_image][\/et_pb_column][et_pb_column type=\u00a0\u00bb2_3&Prime;][et_pb_text admin_label=\u00a0\u00bbTexte\u00a0\u00bb background_layout=\u00a0\u00bbdark\u00a0\u00bb text_orientation=\u00a0\u00bbleft\u00a0\u00bb use_border_color=\u00a0\u00bboff\u00a0\u00bb border_color=\u00a0\u00bb#ffffff\u00a0\u00bb border_style=\u00a0\u00bbsolid\u00a0\u00bb]<\/p>\n<p>En parall\u00e8le avec le cours des svt, ce th\u00e8me sera l&rsquo;occasion d&rsquo;en savoir plus sur<b> le fonctionnement et les dysfonctionnement de notre \u0153il. <\/b>Mais pas seulement ! Tu en apprendras aussi davantage sur l&rsquo;usage de <strong>la couleur dans les arts !<\/strong><\/p>\n<p><strong>Chapitre 1 :<\/strong> L&rsquo;\u0153il, syst\u00e8me optique et formation d&rsquo;images<\/p>\n<p><strong>Chapitre 2 :<\/strong> L&rsquo;\u0153il, ses qualit\u00e9s, ses d\u00e9fauts et comment les corriger<\/p>\n<p><strong>Chapitre 3 :<\/strong> La couleur<\/p>\n<p>&nbsp;<\/p>\n<p>[\/et_pb_text][\/et_pb_column][\/et_pb_row][et_pb_row admin_label=\u00a0\u00bbLigne\u00a0\u00bb][et_pb_column type=\u00a0\u00bb1_3&Prime;][et_pb_image admin_label=\u00a0\u00bbImage\u00a0\u00bb src=\u00a0\u00bbhttp:\/\/kawallaby.com\/wp-content\/uploads\/2017\/10\/04-Logos-LQ-1L-THEME-2.png\u00a0\u00bb show_in_lightbox=\u00a0\u00bboff\u00a0\u00bb url_new_window=\u00a0\u00bboff\u00a0\u00bb use_overlay=\u00a0\u00bboff\u00a0\u00bb animation=\u00a0\u00bboff\u00a0\u00bb sticky=\u00a0\u00bboff\u00a0\u00bb align=\u00a0\u00bbleft\u00a0\u00bb force_fullwidth=\u00a0\u00bboff\u00a0\u00bb always_center_on_mobile=\u00a0\u00bbon\u00a0\u00bb use_border_color=\u00a0\u00bboff\u00a0\u00bb border_color=\u00a0\u00bb#ffffff\u00a0\u00bb border_style=\u00a0\u00bbsolid\u00a0\u00bb] [\/et_pb_image][\/et_pb_column][et_pb_column type=\u00a0\u00bb2_3&Prime;][et_pb_text admin_label=\u00a0\u00bbTexte\u00a0\u00bb background_layout=\u00a0\u00bbdark\u00a0\u00bb text_orientation=\u00a0\u00bbleft\u00a0\u00bb use_border_color=\u00a0\u00bboff\u00a0\u00bb border_color=\u00a0\u00bb#ffffff\u00a0\u00bb border_style=\u00a0\u00bbsolid\u00a0\u00bb]<\/p>\n<p><strong>Comment l&rsquo;humanit\u00e9 parvient-elle \u00e0 faire fonctionner sa soci\u00e9t\u00e9 ? Ou trouve-t-elle l&rsquo;\u00e9nergie suffisante et qu&rsquo;en fait-elle ? <\/strong>C&rsquo;est \u00e0 l&rsquo;occasion d&rsquo;un th\u00e8me sp\u00e9cifiquement physique, mais aussi chimique avec l&rsquo;\u00e9tude d&rsquo;accumulateur d&rsquo;\u00e9nergie, que tu pourras en apprendre davantage sur cette fourmili\u00e8re humaine dans laquelle tu d\u00e9butes ton existence !<\/p>\n<p><strong>Chapitre 1 :<\/strong> L&rsquo;\u00e9nergie, moteur de l&rsquo;activit\u00e9 humaine<\/p>\n<p><strong>Chapitre 2 :<\/strong> Utilisation des ressources \u00e9nerg\u00e9tiques de notre monde<\/p>\n<p><strong>Chapitre 3 :<\/strong> Optimisation de notre utilisation des ressources \u00e9nerg\u00e9tiques<\/p>\n<p>&nbsp;<\/p>\n<p>&nbsp;<\/p>\n<p>[\/et_pb_text][\/et_pb_column][\/et_pb_row][et_pb_row admin_label=\u00a0\u00bbLigne\u00a0\u00bb][et_pb_column type=\u00a0\u00bb1_3&Prime;][et_pb_image admin_label=\u00a0\u00bbImage\u00a0\u00bb src=\u00a0\u00bbhttp:\/\/kawallaby.com\/wp-content\/uploads\/2017\/09\/04-Logos-LQ-1L-THEME-3.png\u00a0\u00bb show_in_lightbox=\u00a0\u00bboff\u00a0\u00bb url_new_window=\u00a0\u00bboff\u00a0\u00bb use_overlay=\u00a0\u00bboff\u00a0\u00bb animation=\u00a0\u00bboff\u00a0\u00bb sticky=\u00a0\u00bboff\u00a0\u00bb align=\u00a0\u00bbleft\u00a0\u00bb force_fullwidth=\u00a0\u00bboff\u00a0\u00bb always_center_on_mobile=\u00a0\u00bbon\u00a0\u00bb use_border_color=\u00a0\u00bboff\u00a0\u00bb border_color=\u00a0\u00bb#ffffff\u00a0\u00bb border_style=\u00a0\u00bbsolid\u00a0\u00bb] [\/et_pb_image][\/et_pb_column][et_pb_column type=\u00a0\u00bb2_3&Prime;][et_pb_text admin_label=\u00a0\u00bbTexte\u00a0\u00bb background_layout=\u00a0\u00bbdark\u00a0\u00bb text_orientation=\u00a0\u00bbleft\u00a0\u00bb use_border_color=\u00a0\u00bboff\u00a0\u00bb border_color=\u00a0\u00bb#ffffff\u00a0\u00bb border_style=\u00a0\u00bbsolid\u00a0\u00bb]<\/p>\n<p>Th\u00e8me une nouvelle fois commun avec les svt, c&rsquo;est pour toi l&rsquo;occasion d&rsquo;en apprendre un peu plus sur <strong>l&rsquo;acc\u00e8s \u00e0\u00a0 l&rsquo;eau potable, son \u00e9puration, ce que l&rsquo;on a dans nos assiettes et en particulier comment on le conserve<\/strong>. Un chapitre id\u00e9al pour les curieux gourmets !<\/p>\n<p><strong>Chapitre 1 :<\/strong> Qualit\u00e9 des sols et de l&rsquo;eau<\/p>\n<p><strong>Chapitre 2 :<\/strong> La conservation des aliments<\/p>\n<p><strong>Chapitre 3 :<\/strong> L&rsquo;\u00e9mulsion<\/p>\n<p>[\/et_pb_text][\/et_pb_column][\/et_pb_row][\/et_pb_section]<\/p>\n","protected":false},"excerpt":{"rendered":"<p>&nbsp; Tu souhaites avoir acc\u00e8s aux documents de cours ou encore \u00e0 divers liens vers des animations, des articles, des sites ou encore des vid\u00e9os en rapport avec les notions vues en classe de premi\u00e8re L et ES ? Alors cette section est faite pour toi ! Clique sur les ic\u00f4nes des th\u00e8mes pour aller [&hellip;]<\/p>\n","protected":false},"author":1,"featured_media":0,"parent":0,"menu_order":0,"comment_status":"closed","ping_status":"closed","template":"page-template-fullwidth.php","meta":{"_et_pb_use_builder":"on","_et_pb_old_content":"","_et_gb_content_width":"","footnotes":""},"_links":{"self":[{"href":"https:\/\/kawallaby.com\/index.php\/wp-json\/wp\/v2\/pages\/1500"}],"collection":[{"href":"https:\/\/kawallaby.com\/index.php\/wp-json\/wp\/v2\/pages"}],"about":[{"href":"https:\/\/kawallaby.com\/index.php\/wp-json\/wp\/v2\/types\/page"}],"author":[{"embeddable":true,"href":"https:\/\/kawallaby.com\/index.php\/wp-json\/wp\/v2\/users\/1"}],"replies":[{"embeddable":true,"href":"https:\/\/kawallaby.com\/index.php\/wp-json\/wp\/v2\/comments?post=1500"}],"version-history":[{"count":5,"href":"https:\/\/kawallaby.com\/index.php\/wp-json\/wp\/v2\/pages\/1500\/revisions"}],"predecessor-version":[{"id":1520,"href":"https:\/\/kawallaby.com\/index.php\/wp-json\/wp\/v2\/pages\/1500\/revisions\/1520"}],"wp:attachment":[{"href":"https:\/\/kawallaby.com\/index.php\/wp-json\/wp\/v2\/media?parent=1500"}],"curies":[{"name":"wp","href":"https:\/\/api.w.org\/{rel}","templated":true}]}}