{"id":1676,"date":"2018-02-15T14:58:07","date_gmt":"2018-02-15T13:58:07","guid":{"rendered":"http:\/\/kawallaby.com\/?page_id=1676"},"modified":"2018-06-11T21:27:37","modified_gmt":"2018-06-11T20:27:37","slug":"seconde-theme-2-sante","status":"publish","type":"page","link":"https:\/\/kawallaby.com\/index.php\/seconde-theme-2-sante\/","title":{"rendered":"SECONDE THEME 2 SANTE"},"content":{"rendered":"<p>[et_pb_section admin_label=\u00a0\u00bbsection\u00a0\u00bb transparent_background=\u00a0\u00bboff\u00a0\u00bb background_color=\u00a0\u00bbrgba(255,255,255,0)\u00a0\u00bb allow_player_pause=\u00a0\u00bboff\u00a0\u00bb inner_shadow=\u00a0\u00bboff\u00a0\u00bb parallax=\u00a0\u00bboff\u00a0\u00bb parallax_method=\u00a0\u00bboff\u00a0\u00bb padding_mobile=\u00a0\u00bboff\u00a0\u00bb make_fullwidth=\u00a0\u00bboff\u00a0\u00bb use_custom_width=\u00a0\u00bboff\u00a0\u00bb width_unit=\u00a0\u00bbon\u00a0\u00bb make_equal=\u00a0\u00bboff\u00a0\u00bb use_custom_gutter=\u00a0\u00bboff\u00a0\u00bb][et_pb_row admin_label=\u00a0\u00bbrow\u00a0\u00bb][et_pb_column type=\u00a0\u00bb1_3&Prime;][et_pb_text admin_label=\u00a0\u00bbC1&Prime; background_layout=\u00a0\u00bbdark\u00a0\u00bb text_orientation=\u00a0\u00bbleft\u00a0\u00bb text_font_size=\u00a0\u00bb22&Prime; use_border_color=\u00a0\u00bboff\u00a0\u00bb border_color=\u00a0\u00bb#ffffff\u00a0\u00bb border_style=\u00a0\u00bbsolid\u00a0\u00bb text_font=\u00a0\u00bbSpecial Elite||||\u00a0\u00bb]<\/p>\n<p style=\"text-align: center;\"><strong>Chapitre 1 \u00a0 L&rsquo;analyse sanguine<\/strong><\/p>\n<p>[\/et_pb_text][et_pb_gallery admin_label=\u00a0\u00bbAD\u00a0\u00bb gallery_ids=\u00a0\u00bb1679,1687,1688&Prime; fullwidth=\u00a0\u00bbon\u00a0\u00bb show_title_and_caption=\u00a0\u00bbon\u00a0\u00bb show_pagination=\u00a0\u00bbon\u00a0\u00bb background_layout=\u00a0\u00bblight\u00a0\u00bb auto=\u00a0\u00bbon\u00a0\u00bb auto_speed=\u00a0\u00bb10000&Prime; hover_overlay_color=\u00a0\u00bbrgba(255,255,255,0.9)\u00a0\u00bb caption_all_caps=\u00a0\u00bboff\u00a0\u00bb use_border_color=\u00a0\u00bboff\u00a0\u00bb border_color=\u00a0\u00bb#ffffff\u00a0\u00bb border_style=\u00a0\u00bbsolid\u00a0\u00bb] [\/et_pb_gallery][et_pb_text admin_label=\u00a0\u00bbLiens\u00a0\u00bb background_layout=\u00a0\u00bbdark\u00a0\u00bb text_orientation=\u00a0\u00bbleft\u00a0\u00bb use_border_color=\u00a0\u00bboff\u00a0\u00bb border_color=\u00a0\u00bb#ffffff\u00a0\u00bb border_style=\u00a0\u00bbsolid\u00a0\u00bb]<\/p>\n<hr \/>\n<p style=\"text-align: center;\"><strong>Applications utiles<\/strong><\/p>\n<p><b>&#8230;<\/b><\/p>\n<p style=\"text-align: center;\"><strong>Vid\u00e9os int\u00e9ressantes<\/strong><\/p>\n<p><a href=\"https:\/\/www.youtube.com\/watch?v=1k_3UJd8gis&amp;t=153s\"><strong>Sang pour sang <\/strong><\/a><strong>:<\/strong> Vid\u00e9o C&rsquo;est Pas Sorcier sur ce que contient notre sang, son utilit\u00e9 ou encore son fonctionnement.<\/p>\n<p>[\/et_pb_text][et_pb_gallery admin_label=\u00a0\u00bbAnnexes\u00a0\u00bb gallery_ids=\u00a0\u00bb1678,1686&Prime; fullwidth=\u00a0\u00bbon\u00a0\u00bb show_title_and_caption=\u00a0\u00bbon\u00a0\u00bb show_pagination=\u00a0\u00bbon\u00a0\u00bb background_layout=\u00a0\u00bblight\u00a0\u00bb auto=\u00a0\u00bbon\u00a0\u00bb auto_speed=\u00a0\u00bb10000&Prime; hover_overlay_color=\u00a0\u00bbrgba(255,255,255,0.9)\u00a0\u00bb caption_all_caps=\u00a0\u00bboff\u00a0\u00bb use_border_color=\u00a0\u00bboff\u00a0\u00bb border_color=\u00a0\u00bb#ffffff\u00a0\u00bb border_style=\u00a0\u00bbsolid\u00a0\u00bb] [\/et_pb_gallery][et_pb_gallery admin_label=\u00a0\u00bbAE\u00a0\u00bb gallery_ids=\u00a0\u00bb1680,1681,1691,1692,1693,1694,1695,1696&Prime; fullwidth=\u00a0\u00bbon\u00a0\u00bb show_title_and_caption=\u00a0\u00bboff\u00a0\u00bb show_pagination=\u00a0\u00bboff\u00a0\u00bb background_layout=\u00a0\u00bblight\u00a0\u00bb auto=\u00a0\u00bbon\u00a0\u00bb auto_speed=\u00a0\u00bb10000&Prime; hover_overlay_color=\u00a0\u00bbrgba(255,255,255,0.9)\u00a0\u00bb caption_all_caps=\u00a0\u00bboff\u00a0\u00bb use_border_color=\u00a0\u00bboff\u00a0\u00bb border_color=\u00a0\u00bb#ffffff\u00a0\u00bb border_style=\u00a0\u00bbsolid\u00a0\u00bb posts_number=\u00a0\u00bb2&Prime;] [\/et_pb_gallery][\/et_pb_column][et_pb_column type=\u00a0\u00bb1_3&Prime;][et_pb_text admin_label=\u00a0\u00bbC2&Prime; background_layout=\u00a0\u00bbdark\u00a0\u00bb text_orientation=\u00a0\u00bbleft\u00a0\u00bb text_font_size=\u00a0\u00bb22&Prime; use_border_color=\u00a0\u00bboff\u00a0\u00bb border_color=\u00a0\u00bb#ffffff\u00a0\u00bb border_style=\u00a0\u00bbsolid\u00a0\u00bb text_font=\u00a0\u00bbSpecial Elite||||\u00a0\u00bb]<\/p>\n<p style=\"text-align: center;\"><strong>Chapitre 2 \u00a0 Fabrication d&rsquo;un m\u00e9dicament<\/strong><\/p>\n<p>[\/et_pb_text][et_pb_gallery admin_label=\u00a0\u00bbAD\u00a0\u00bb gallery_ids=\u00a0\u00bb1755,1756,1757&Prime; fullwidth=\u00a0\u00bbon\u00a0\u00bb show_title_and_caption=\u00a0\u00bbon\u00a0\u00bb show_pagination=\u00a0\u00bbon\u00a0\u00bb background_layout=\u00a0\u00bblight\u00a0\u00bb auto=\u00a0\u00bbon\u00a0\u00bb auto_speed=\u00a0\u00bb10000&Prime; hover_overlay_color=\u00a0\u00bbrgba(255,255,255,0.9)\u00a0\u00bb caption_all_caps=\u00a0\u00bboff\u00a0\u00bb use_border_color=\u00a0\u00bboff\u00a0\u00bb border_color=\u00a0\u00bb#ffffff\u00a0\u00bb border_style=\u00a0\u00bbsolid\u00a0\u00bb] [\/et_pb_gallery][et_pb_text admin_label=\u00a0\u00bbLiens\u00a0\u00bb background_layout=\u00a0\u00bbdark\u00a0\u00bb text_orientation=\u00a0\u00bbleft\u00a0\u00bb use_border_color=\u00a0\u00bboff\u00a0\u00bb border_color=\u00a0\u00bb#ffffff\u00a0\u00bb border_style=\u00a0\u00bbsolid\u00a0\u00bb]<\/p>\n<hr \/>\n<p style=\"text-align: center;\"><strong>Applications utiles<\/strong><\/p>\n<p><strong><a href=\"http:\/\/ostralo.net\/3_animations\/animations_chim.htm\">Ostralo.net<\/a> :<\/strong> Site web dont la section animations en chimie pr\u00e9sente quelques applis int\u00e9ressantes.<\/p>\n<p style=\"text-align: center;\"><strong>Vid\u00e9os int\u00e9ressantes<\/strong><\/p>\n<p><strong><a href=\"https:\/\/www.youtube.com\/watch?v=FvEaGo_O20I\">M\u00e9dicaments<\/a> :<\/strong> Vid\u00e9o C&rsquo;est Pas Sorcier sur ce que sont les m\u00e9dicaments, comment ils fonctionnent et comment on les fabrique.<\/p>\n<p>[\/et_pb_text][et_pb_gallery admin_label=\u00a0\u00bbAnnexes\u00a0\u00bb gallery_ids=\u00a0\u00bb1758,1759&Prime; fullwidth=\u00a0\u00bbon\u00a0\u00bb show_title_and_caption=\u00a0\u00bbon\u00a0\u00bb show_pagination=\u00a0\u00bbon\u00a0\u00bb background_layout=\u00a0\u00bblight\u00a0\u00bb auto=\u00a0\u00bbon\u00a0\u00bb auto_speed=\u00a0\u00bb10000&Prime; hover_overlay_color=\u00a0\u00bbrgba(255,255,255,0.9)\u00a0\u00bb caption_all_caps=\u00a0\u00bboff\u00a0\u00bb use_border_color=\u00a0\u00bboff\u00a0\u00bb border_color=\u00a0\u00bb#ffffff\u00a0\u00bb border_style=\u00a0\u00bbsolid\u00a0\u00bb] [\/et_pb_gallery][et_pb_gallery admin_label=\u00a0\u00bbAE\u00a0\u00bb gallery_ids=\u00a0\u00bb1763,1764,1765,1766,1767,1768,1769,1770,1771,1772&Prime; fullwidth=\u00a0\u00bbon\u00a0\u00bb show_title_and_caption=\u00a0\u00bboff\u00a0\u00bb show_pagination=\u00a0\u00bboff\u00a0\u00bb background_layout=\u00a0\u00bblight\u00a0\u00bb auto=\u00a0\u00bbon\u00a0\u00bb auto_speed=\u00a0\u00bb10000&Prime; hover_overlay_color=\u00a0\u00bbrgba(255,255,255,0.9)\u00a0\u00bb caption_all_caps=\u00a0\u00bboff\u00a0\u00bb use_border_color=\u00a0\u00bboff\u00a0\u00bb border_color=\u00a0\u00bb#ffffff\u00a0\u00bb border_style=\u00a0\u00bbsolid\u00a0\u00bb posts_number=\u00a0\u00bb2&Prime;] [\/et_pb_gallery][\/et_pb_column][et_pb_column type=\u00a0\u00bb1_3&Prime;][et_pb_text admin_label=\u00a0\u00bbC3&Prime; background_layout=\u00a0\u00bbdark\u00a0\u00bb text_orientation=\u00a0\u00bbleft\u00a0\u00bb text_font_size=\u00a0\u00bb22&Prime; use_border_color=\u00a0\u00bboff\u00a0\u00bb border_color=\u00a0\u00bb#ffffff\u00a0\u00bb border_style=\u00a0\u00bbsolid\u00a0\u00bb text_font=\u00a0\u00bbSpecial Elite||||\u00a0\u00bb]<\/p>\n<p style=\"text-align: center;\"><strong>Chapitre 3 \u00a0 L&rsquo;imagerie m\u00e9dicale<\/strong><\/p>\n<p>[\/et_pb_text][et_pb_gallery admin_label=\u00a0\u00bbAD\u00a0\u00bb gallery_ids=\u00a0\u00bb1803,1804,1805&Prime; fullwidth=\u00a0\u00bbon\u00a0\u00bb show_title_and_caption=\u00a0\u00bbon\u00a0\u00bb show_pagination=\u00a0\u00bbon\u00a0\u00bb background_layout=\u00a0\u00bblight\u00a0\u00bb auto=\u00a0\u00bbon\u00a0\u00bb auto_speed=\u00a0\u00bb10000&Prime; hover_overlay_color=\u00a0\u00bbrgba(255,255,255,0.9)\u00a0\u00bb caption_all_caps=\u00a0\u00bboff\u00a0\u00bb use_border_color=\u00a0\u00bboff\u00a0\u00bb border_color=\u00a0\u00bb#ffffff\u00a0\u00bb border_style=\u00a0\u00bbsolid\u00a0\u00bb] [\/et_pb_gallery][et_pb_text admin_label=\u00a0\u00bbLiens\u00a0\u00bb background_layout=\u00a0\u00bbdark\u00a0\u00bb text_orientation=\u00a0\u00bbleft\u00a0\u00bb use_border_color=\u00a0\u00bboff\u00a0\u00bb border_color=\u00a0\u00bb#ffffff\u00a0\u00bb border_style=\u00a0\u00bbsolid\u00a0\u00bb]<\/p>\n<p>&nbsp;<\/p>\n<hr \/>\n<p style=\"text-align: center;\"><strong>Applications utiles<\/strong><\/p>\n<p><b>&#8230;<\/b><\/p>\n<p style=\"text-align: center;\"><strong>Vid\u00e9os int\u00e9ressantes<\/strong><\/p>\n<p><strong><a href=\"https:\/\/www.youtube.com\/watch?v=v3b-YhZmQu8\">Anatomy &amp; Physiology \/ ECG<\/a> :<\/strong> Vid\u00e9o YouTube en anglais expliquant le principe de la mesure d&rsquo;ECG en fonction de l&rsquo;activit\u00e9 cardiaque.<\/p>\n<p><strong><a href=\"https:\/\/www.youtube.com\/watch?v=u7qZAs5lhBs\">Notre c\u0153ur, un muscle fragile <\/a>:<\/strong> Vid\u00e9o C&rsquo;est Pas Sorcier id\u00e9ale pour avoir une bonne connaissance g\u00e9n\u00e9rale du muscle cardiaque !<\/p>\n<p>[\/et_pb_text][et_pb_gallery admin_label=\u00a0\u00bbAnnexes\u00a0\u00bb gallery_ids=\u00a0\u00bb1806,1807&Prime; fullwidth=\u00a0\u00bbon\u00a0\u00bb show_title_and_caption=\u00a0\u00bbon\u00a0\u00bb show_pagination=\u00a0\u00bbon\u00a0\u00bb background_layout=\u00a0\u00bblight\u00a0\u00bb auto=\u00a0\u00bbon\u00a0\u00bb auto_speed=\u00a0\u00bb10000&Prime; hover_overlay_color=\u00a0\u00bbrgba(255,255,255,0.9)\u00a0\u00bb caption_all_caps=\u00a0\u00bboff\u00a0\u00bb use_border_color=\u00a0\u00bboff\u00a0\u00bb border_color=\u00a0\u00bb#ffffff\u00a0\u00bb border_style=\u00a0\u00bbsolid\u00a0\u00bb] [\/et_pb_gallery][et_pb_gallery admin_label=\u00a0\u00bbAE\u00a0\u00bb gallery_ids=\u00a0\u00bb1801,1802&Prime; fullwidth=\u00a0\u00bbon\u00a0\u00bb show_title_and_caption=\u00a0\u00bboff\u00a0\u00bb show_pagination=\u00a0\u00bboff\u00a0\u00bb background_layout=\u00a0\u00bblight\u00a0\u00bb auto=\u00a0\u00bbon\u00a0\u00bb auto_speed=\u00a0\u00bb10000&Prime; hover_overlay_color=\u00a0\u00bbrgba(255,255,255,0.9)\u00a0\u00bb caption_all_caps=\u00a0\u00bboff\u00a0\u00bb use_border_color=\u00a0\u00bboff\u00a0\u00bb border_color=\u00a0\u00bb#ffffff\u00a0\u00bb border_style=\u00a0\u00bbsolid\u00a0\u00bb posts_number=\u00a0\u00bb2&Prime;] [\/et_pb_gallery][\/et_pb_column][\/et_pb_row][\/et_pb_section]<\/p>\n","protected":false},"excerpt":{"rendered":"<p>Chapitre 1 \u00a0 L&rsquo;analyse sanguine Applications utiles &#8230; Vid\u00e9os int\u00e9ressantes Sang pour sang : Vid\u00e9o C&rsquo;est Pas Sorcier sur ce que contient notre sang, son utilit\u00e9 ou encore son fonctionnement. Chapitre 2 \u00a0 Fabrication d&rsquo;un m\u00e9dicament Applications utiles Ostralo.net : Site web dont la section animations en chimie pr\u00e9sente quelques applis int\u00e9ressantes. Vid\u00e9os int\u00e9ressantes M\u00e9dicaments [&hellip;]<\/p>\n","protected":false},"author":1,"featured_media":0,"parent":0,"menu_order":0,"comment_status":"closed","ping_status":"closed","template":"page-template-fullwidth.php","meta":{"_et_pb_use_builder":"on","_et_pb_old_content":"","_et_gb_content_width":"","footnotes":""},"_links":{"self":[{"href":"https:\/\/kawallaby.com\/index.php\/wp-json\/wp\/v2\/pages\/1676"}],"collection":[{"href":"https:\/\/kawallaby.com\/index.php\/wp-json\/wp\/v2\/pages"}],"about":[{"href":"https:\/\/kawallaby.com\/index.php\/wp-json\/wp\/v2\/types\/page"}],"author":[{"embeddable":true,"href":"https:\/\/kawallaby.com\/index.php\/wp-json\/wp\/v2\/users\/1"}],"replies":[{"embeddable":true,"href":"https:\/\/kawallaby.com\/index.php\/wp-json\/wp\/v2\/comments?post=1676"}],"version-history":[{"count":12,"href":"https:\/\/kawallaby.com\/index.php\/wp-json\/wp\/v2\/pages\/1676\/revisions"}],"predecessor-version":[{"id":1809,"href":"https:\/\/kawallaby.com\/index.php\/wp-json\/wp\/v2\/pages\/1676\/revisions\/1809"}],"wp:attachment":[{"href":"https:\/\/kawallaby.com\/index.php\/wp-json\/wp\/v2\/media?parent=1676"}],"curies":[{"name":"wp","href":"https:\/\/api.w.org\/{rel}","templated":true}]}}