{"id":2377,"date":"2019-12-11T18:13:41","date_gmt":"2019-12-11T17:13:41","guid":{"rendered":"http:\/\/kawallaby.com\/?page_id=2377"},"modified":"2019-12-11T18:39:29","modified_gmt":"2019-12-11T17:39:29","slug":"premiere-ens-t3-v2","status":"publish","type":"page","link":"https:\/\/kawallaby.com\/index.php\/premiere-ens-t3-v2\/","title":{"rendered":"Premiere EnS T3 V2"},"content":{"rendered":"<p>[et_pb_section admin_label=\u00a0\u00bbsection\u00a0\u00bb transparent_background=\u00a0\u00bbon\u00a0\u00bb background_color=\u00a0\u00bbrgba(255,255,255,0)\u00a0\u00bb allow_player_pause=\u00a0\u00bboff\u00a0\u00bb inner_shadow=\u00a0\u00bboff\u00a0\u00bb parallax=\u00a0\u00bboff\u00a0\u00bb parallax_method=\u00a0\u00bboff\u00a0\u00bb padding_mobile=\u00a0\u00bboff\u00a0\u00bb make_fullwidth=\u00a0\u00bboff\u00a0\u00bb use_custom_width=\u00a0\u00bboff\u00a0\u00bb width_unit=\u00a0\u00bbon\u00a0\u00bb make_equal=\u00a0\u00bboff\u00a0\u00bb use_custom_gutter=\u00a0\u00bboff\u00a0\u00bb][et_pb_row admin_label=\u00a0\u00bbrow\u00a0\u00bb][et_pb_column type=\u00a0\u00bb1_3&Prime;][et_pb_text admin_label=\u00a0\u00bbS 1&Prime; background_layout=\u00a0\u00bbdark\u00a0\u00bb text_orientation=\u00a0\u00bbleft\u00a0\u00bb text_font_size=\u00a0\u00bb22&Prime; use_border_color=\u00a0\u00bboff\u00a0\u00bb border_color=\u00a0\u00bb#ffffff\u00a0\u00bb border_style=\u00a0\u00bbsolid\u00a0\u00bb text_font=\u00a0\u00bbSpecial Elite||||\u00a0\u00bb text_text_color=\u00a0\u00bb#ffffff\u00a0\u00bb]<\/p>\n<p style=\"text-align: center;\"><strong>S\u00e9ance 1\u00a0 \u00a0 Introduction au microcontr\u00f4leur Micro:bit<\/strong><\/p>\n<p>[\/et_pb_text][et_pb_text admin_label=\u00a0\u00bbDocs\u00a0\u00bb background_layout=\u00a0\u00bbdark\u00a0\u00bb text_orientation=\u00a0\u00bbleft\u00a0\u00bb use_border_color=\u00a0\u00bboff\u00a0\u00bb border_color=\u00a0\u00bb#ffffff\u00a0\u00bb border_style=\u00a0\u00bbsolid\u00a0\u00bb]<\/p>\n<hr \/>\n<p style=\"text-align: center;\"><strong>Clique sur les documents :<\/strong><\/p>\n<p style=\"text-align: left;\"><a href=\"http:\/\/kawallaby.com\/wp-content\/uploads\/2019\/12\/INTRO-PROJET-1-ALARME-TEMPERATURE.pdf\"><strong>SPC 1<\/strong> &#8211; Alarme de temp\u00e9rature<\/a><\/p>\n<p style=\"text-align: left;\"><a href=\"http:\/\/kawallaby.com\/wp-content\/uploads\/2019\/12\/INTRO-PROJET-2-CARTOGRAPHIE-PAR-LUMINOSITE.pdf\"><strong>SPC 2<\/strong> &#8211; Tracking par luminosit\u00e9<\/a><\/p>\n<p style=\"text-align: left;\"><a href=\"http:\/\/kawallaby.com\/wp-content\/uploads\/2019\/12\/INTRO-PROJET-3-AFFICHAGE-DE-LUMINOSITE.pdf\"><strong>SPC 3<\/strong> &#8211; Mesure et affichage de luminosit\u00e9<\/a><\/p>\n<p style=\"text-align: left;\"><a href=\"http:\/\/kawallaby.com\/wp-content\/uploads\/2019\/12\/INTRO-PROJET-4-ALARME-LUMINOSITE.pdf\"><strong>SPC 4<\/strong> &#8211; Alarme par luminosit\u00e9<\/a><\/p>\n<p style=\"text-align: left;\"><a href=\"http:\/\/kawallaby.com\/wp-content\/uploads\/2019\/12\/INTRO-PROJET-5-CAPTEUR-DE-PRESSION.pdf\"><strong>SPC 5<\/strong> &#8211; Capteur de pression<\/a><\/p>\n<p style=\"text-align: left;\"><a href=\"http:\/\/kawallaby.com\/wp-content\/uploads\/2019\/12\/INTRO-PROJET-6-CONCEPTION-SONAR.pdf\"><strong>SPC 6<\/strong> &#8211; Conception d&rsquo;un sonar<\/a><\/p>\n<p>[\/et_pb_text][et_pb_text admin_label=\u00a0\u00bbExplication\u00a0\u00bb background_layout=\u00a0\u00bbdark\u00a0\u00bb text_orientation=\u00a0\u00bbleft\u00a0\u00bb use_border_color=\u00a0\u00bboff\u00a0\u00bb border_color=\u00a0\u00bb#ffffff\u00a0\u00bb border_style=\u00a0\u00bbsolid\u00a0\u00bb text_text_color=\u00a0\u00bb#c9c9c9&Prime;]<\/p>\n<hr \/>\n<p style=\"text-align: left;\"><strong>S\u00e9ance portant sur\u00a0:<\/strong>\u00a0La <strong>notion du microcontr\u00f4leur<\/strong> Micro:bit de BBC cod\u00e9 &#8211; en fonction du niveau des trin\u00f4mes d&rsquo;\u00e9l\u00e8ves &#8211; en MakeCode ou en Python.<\/p>\n<p>[\/et_pb_text][\/et_pb_column][et_pb_column type=\u00a0\u00bb1_3&Prime;][et_pb_text admin_label=\u00a0\u00bbS 2 et 3&Prime; background_layout=\u00a0\u00bbdark\u00a0\u00bb text_orientation=\u00a0\u00bbleft\u00a0\u00bb text_font_size=\u00a0\u00bb22&Prime; use_border_color=\u00a0\u00bboff\u00a0\u00bb border_color=\u00a0\u00bb#ffffff\u00a0\u00bb border_style=\u00a0\u00bbsolid\u00a0\u00bb text_font=\u00a0\u00bbSpecial Elite||||\u00a0\u00bb]<\/p>\n<p style=\"text-align: center;\"><strong>S\u00e9ance 2 et 3\u00a0 \u00a0Entra\u00eenement \u00e0 la cr\u00e9ation de capteurs<\/strong><\/p>\n<p>[\/et_pb_text][et_pb_text admin_label=\u00a0\u00bbDOC A VENIR\u00a0\u00bb background_layout=\u00a0\u00bbdark\u00a0\u00bb text_orientation=\u00a0\u00bbleft\u00a0\u00bb use_border_color=\u00a0\u00bboff\u00a0\u00bb border_color=\u00a0\u00bb#ffffff\u00a0\u00bb border_style=\u00a0\u00bbsolid\u00a0\u00bb]<\/p>\n<hr \/>\n<p style=\"text-align: center;\"><em>DOC A VENIR<\/em><\/p>\n<p>[\/et_pb_text][et_pb_text admin_label=\u00a0\u00bbExplication\u00a0\u00bb background_layout=\u00a0\u00bbdark\u00a0\u00bb text_orientation=\u00a0\u00bbleft\u00a0\u00bb use_border_color=\u00a0\u00bboff\u00a0\u00bb border_color=\u00a0\u00bb#ffffff\u00a0\u00bb border_style=\u00a0\u00bbsolid\u00a0\u00bb text_text_color=\u00a0\u00bb#c9c9c9&Prime;]<\/p>\n<hr \/>\n<p style=\"text-align: left;\"><strong>S\u00e9ance portant sur\u00a0: <\/strong>La <strong>r\u00e9alisation de divers capteurs<\/strong> en utilisant des savoirs-faire technologiques et informatiques, et ce en vue de r\u00e9aliser son propre capteur en fonction du projet choisi.<\/p>\n<p>[\/et_pb_text][\/et_pb_column][et_pb_column type=\u00a0\u00bb1_3&Prime;][et_pb_text admin_label=\u00a0\u00bbS 4 et 5&Prime; background_layout=\u00a0\u00bbdark\u00a0\u00bb text_orientation=\u00a0\u00bbleft\u00a0\u00bb text_font_size=\u00a0\u00bb22&Prime; use_border_color=\u00a0\u00bboff\u00a0\u00bb border_color=\u00a0\u00bb#ffffff\u00a0\u00bb border_style=\u00a0\u00bbsolid\u00a0\u00bb text_font=\u00a0\u00bbSpecial Elite||||\u00a0\u00bb]<\/p>\n<p style=\"text-align: center;\"><strong>S\u00e9ance 4 et 5\u00a0 \u00a0R\u00e9alisation du Projet avant pr\u00e9sentation<\/strong><\/p>\n<p>[\/et_pb_text][et_pb_text admin_label=\u00a0\u00bbDOC A VENIR\u00a0\u00bb background_layout=\u00a0\u00bbdark\u00a0\u00bb text_orientation=\u00a0\u00bbleft\u00a0\u00bb use_border_color=\u00a0\u00bboff\u00a0\u00bb border_color=\u00a0\u00bb#ffffff\u00a0\u00bb border_style=\u00a0\u00bbsolid\u00a0\u00bb]<\/p>\n<hr \/>\n<p style=\"text-align: center;\"><em>DOC A VENIR<\/em><\/p>\n<p>[\/et_pb_text][et_pb_text admin_label=\u00a0\u00bbExplication\u00a0\u00bb background_layout=\u00a0\u00bbdark\u00a0\u00bb text_orientation=\u00a0\u00bbleft\u00a0\u00bb use_border_color=\u00a0\u00bboff\u00a0\u00bb border_color=\u00a0\u00bb#ffffff\u00a0\u00bb border_style=\u00a0\u00bbsolid\u00a0\u00bb text_text_color=\u00a0\u00bb#c9c9c9&Prime;]<\/p>\n<hr \/>\n<p style=\"text-align: left;\"><strong>S\u00e9ance portant sur\u00a0:\u00a0<\/strong>La <strong>r\u00e9alisation d&rsquo;un dispositif<\/strong> exp\u00e9rimental capable de r\u00e9pondre \u00e0 l&rsquo;objectif du projet. Le <strong>niveau de difficult\u00e9 est adaptable<\/strong> puisque les trin\u00f4mes peuvent au plus simple atteindre l&rsquo;objectif avec MakeCode, ou pousser plus loin en ajoutant une fonction au capteur et\/ou en utilisant l&rsquo;\u00e9diteur Python : Mu. Il te faudra \u00e9galement <strong>r\u00e9aliser un diaporama simple<\/strong> pour pr\u00e9senter ton dispositif \u00e0 la s\u00e9ance 6.<\/p>\n<p>[\/et_pb_text][\/et_pb_column][\/et_pb_row][et_pb_row admin_label=\u00a0\u00bbrow\u00a0\u00bb][et_pb_column type=\u00a0\u00bb1_4&Prime;][\/et_pb_column][et_pb_column type=\u00a0\u00bb1_2&Prime;][et_pb_text admin_label=\u00a0\u00bbS 6&Prime; background_layout=\u00a0\u00bbdark\u00a0\u00bb text_orientation=\u00a0\u00bbleft\u00a0\u00bb text_font_size=\u00a0\u00bb22&Prime; use_border_color=\u00a0\u00bboff\u00a0\u00bb border_color=\u00a0\u00bb#ffffff\u00a0\u00bb border_style=\u00a0\u00bbsolid\u00a0\u00bb text_font=\u00a0\u00bbSpecial Elite||||\u00a0\u00bb text_text_color=\u00a0\u00bb#ffffff\u00a0\u00bb]<\/p>\n<p style=\"text-align: center;\"><strong>S\u00e9ance 6\u00a0 \u00a0 Pr\u00e9sentation de ta r\u00e9alisation d&rsquo;un capteur<\/strong><\/p>\n<p>[\/et_pb_text][et_pb_text admin_label=\u00a0\u00bbDOC A VENIR\u00a0\u00bb background_layout=\u00a0\u00bbdark\u00a0\u00bb text_orientation=\u00a0\u00bbleft\u00a0\u00bb use_border_color=\u00a0\u00bboff\u00a0\u00bb border_color=\u00a0\u00bb#ffffff\u00a0\u00bb border_style=\u00a0\u00bbsolid\u00a0\u00bb]<\/p>\n<hr \/>\n<p style=\"text-align: center;\"><em>DOC A VENIR<\/em><\/p>\n<p>[\/et_pb_text][et_pb_text admin_label=\u00a0\u00bbExplication\u00a0\u00bb background_layout=\u00a0\u00bbdark\u00a0\u00bb text_orientation=\u00a0\u00bbleft\u00a0\u00bb use_border_color=\u00a0\u00bboff\u00a0\u00bb border_color=\u00a0\u00bb#ffffff\u00a0\u00bb border_style=\u00a0\u00bbsolid\u00a0\u00bb text_text_color=\u00a0\u00bb#c9c9c9&Prime;]<\/p>\n<hr \/>\n<p style=\"text-align: left;\"><strong>S\u00e9ance portant sur\u00a0:<\/strong>\u00a0La <strong>pr\u00e9sentation (\u00e9valu\u00e9e !) claire du capteur que tu as r\u00e9alis\u00e9\u00a0<\/strong>en trin\u00f4me, que ce soit sa fonction, son utilisation mais \u00e9galement sa conception (mat\u00e9rielle et informatique).<\/p>\n<p>[\/et_pb_text][\/et_pb_column][et_pb_column type=\u00a0\u00bb1_4&Prime;][\/et_pb_column][\/et_pb_row][\/et_pb_section]<\/p>\n","protected":false},"excerpt":{"rendered":"<p>S\u00e9ance 1\u00a0 \u00a0 Introduction au microcontr\u00f4leur Micro:bit Clique sur les documents : SPC 1 &#8211; Alarme de temp\u00e9rature SPC 2 &#8211; Tracking par luminosit\u00e9 SPC 3 &#8211; Mesure et affichage de luminosit\u00e9 SPC 4 &#8211; Alarme par luminosit\u00e9 SPC 5 &#8211; Capteur de pression SPC 6 &#8211; Conception d&rsquo;un sonar S\u00e9ance portant sur\u00a0:\u00a0La notion du [&hellip;]<\/p>\n","protected":false},"author":1,"featured_media":0,"parent":0,"menu_order":0,"comment_status":"closed","ping_status":"closed","template":"page-template-fullwidth.php","meta":{"_et_pb_use_builder":"on","_et_pb_old_content":"","_et_gb_content_width":"","footnotes":""},"_links":{"self":[{"href":"https:\/\/kawallaby.com\/index.php\/wp-json\/wp\/v2\/pages\/2377"}],"collection":[{"href":"https:\/\/kawallaby.com\/index.php\/wp-json\/wp\/v2\/pages"}],"about":[{"href":"https:\/\/kawallaby.com\/index.php\/wp-json\/wp\/v2\/types\/page"}],"author":[{"embeddable":true,"href":"https:\/\/kawallaby.com\/index.php\/wp-json\/wp\/v2\/users\/1"}],"replies":[{"embeddable":true,"href":"https:\/\/kawallaby.com\/index.php\/wp-json\/wp\/v2\/comments?post=2377"}],"version-history":[{"count":17,"href":"https:\/\/kawallaby.com\/index.php\/wp-json\/wp\/v2\/pages\/2377\/revisions"}],"predecessor-version":[{"id":2402,"href":"https:\/\/kawallaby.com\/index.php\/wp-json\/wp\/v2\/pages\/2377\/revisions\/2402"}],"wp:attachment":[{"href":"https:\/\/kawallaby.com\/index.php\/wp-json\/wp\/v2\/media?parent=2377"}],"curies":[{"name":"wp","href":"https:\/\/api.w.org\/{rel}","templated":true}]}}