{"id":2629,"date":"2020-10-14T22:44:30","date_gmt":"2020-10-14T21:44:30","guid":{"rendered":"http:\/\/kawallaby.com\/?page_id=2629"},"modified":"2021-03-18T23:55:55","modified_gmt":"2021-03-18T22:55:55","slug":"premiere-spe-theme-chimie","status":"publish","type":"page","link":"https:\/\/kawallaby.com\/index.php\/premiere-spe-theme-chimie\/","title":{"rendered":"PREMIERE SPE THEME CHIMIE"},"content":{"rendered":"<p>[et_pb_section fb_built=\u00a0\u00bb1&Prime; _builder_version=\u00a0\u00bb4.6.5&Prime; _module_preset=\u00a0\u00bbdefault\u00a0\u00bb background_color=\u00a0\u00bbrgba(0,0,0,0)\u00a0\u00bb][et_pb_row column_structure=\u00a0\u00bb1_3,1_3,1_3&Prime; _builder_version=\u00a0\u00bb4.6.5&Prime; _module_preset=\u00a0\u00bbdefault\u00a0\u00bb][et_pb_column type=\u00a0\u00bb1_3&Prime; _builder_version=\u00a0\u00bb4.6.5&Prime; _module_preset=\u00a0\u00bbdefault\u00a0\u00bb][et_pb_image src=\u00a0\u00bbhttp:\/\/kawallaby.com\/wp-content\/uploads\/2020\/10\/C1-IMAGE-INTRO.png\u00a0\u00bb title_text=\u00a0\u00bbC1 &#8211; IMAGE INTRO\u00a0\u00bb show_in_lightbox=\u00a0\u00bbon\u00a0\u00bb _builder_version=\u00a0\u00bb4.6.5&Prime; _module_preset=\u00a0\u00bbdefault\u00a0\u00bb][\/et_pb_image][\/et_pb_column][et_pb_column type=\u00a0\u00bb1_3&Prime; _builder_version=\u00a0\u00bb4.6.5&Prime; _module_preset=\u00a0\u00bbdefault\u00a0\u00bb][et_pb_text _builder_version=\u00a0\u00bb4.6.5&Prime; _module_preset=\u00a0\u00bbdefault\u00a0\u00bb text_font=\u00a0\u00bbSpecial Elite||||||||\u00a0\u00bb text_text_color=\u00a0\u00bb#FFFFFF\u00a0\u00bb text_font_size=\u00a0\u00bb22px\u00a0\u00bb]<\/p>\n<p><strong>C1 &#8211; Quantit\u00e9 de mati\u00e8re<\/strong><\/p>\n<p>[\/et_pb_text][et_pb_text _builder_version=\u00a0\u00bb4.6.5&Prime; _module_preset=\u00a0\u00bbdefault\u00a0\u00bb text_text_color=\u00a0\u00bb#bfbfbf\u00a0\u00bb]<\/p>\n<p><strong>Exos\u00a0<\/strong> Poussins : p24&#8230; n\u00b0 3, 5, 7, 9, 11 et 13<\/p>\n<p>\u00a0 \u00a0 \u00a0 \u00a0 \u00a0 \u00a0Marmottes : p26&#8230; n\u00b0 15 et 19<\/p>\n<p>\u00a0 \u00a0 \u00a0 \u00a0 \u00a0 \u00a0Mammouths : p28&#8230; n\u00b0 25 , 26 et 28<\/p>\n<p>&nbsp;<\/p>\n<p>[\/et_pb_text][\/et_pb_column][et_pb_column type=\u00a0\u00bb1_3&Prime; _builder_version=\u00a0\u00bb4.6.5&Prime; _module_preset=\u00a0\u00bbdefault\u00a0\u00bb][et_pb_text _builder_version=\u00a0\u00bb4.6.5&Prime; _module_preset=\u00a0\u00bbdefault\u00a0\u00bb text_font=\u00a0\u00bb|||||on|||\u00a0\u00bb text_text_color=\u00a0\u00bb#FFFFFF\u00a0\u00bb text_orientation=\u00a0\u00bbright\u00a0\u00bb text_text_shadow_style=\u00a0\u00bbpreset1&Prime;]<\/p>\n<p><em><\/em><\/p>\n<p><em><\/em><\/p>\n<p><em><\/em><\/p>\n<p><em><\/em><\/p>\n<p><em>Retrouve les docs :<\/em><\/p>\n<p><a href=\"http:\/\/kawallaby.com\/wp-content\/uploads\/2020\/10\/02-AE-4-Relever-une-quantite-de-matiere.pdf\" title=\"AE 4\"><strong>AE 4 &#8211; Pr\u00e9lever une quantit\u00e9 de mati\u00e8re<\/strong><\/a><\/p>\n<p><a href=\"http:\/\/kawallaby.com\/wp-content\/uploads\/2020\/10\/02-AE-5-Mesure-Volume-molaire.pdf\" title=\"AE 5\"><strong>AE 5 &#8211; Mesure du volume molaire<\/strong><\/a><\/p>\n<p><a href=\"http:\/\/kawallaby.com\/wp-content\/uploads\/2020\/10\/03-CQFR-C1-Quantite-Matiere.pdf\" title=\"CQFR\"><strong>CQFR<\/strong><\/a><\/p>\n<p>&nbsp;<\/p>\n<p>[\/et_pb_text][\/et_pb_column][\/et_pb_row][et_pb_row column_structure=\u00a0\u00bb1_3,1_3,1_3&Prime; _builder_version=\u00a0\u00bb4.6.5&Prime; _module_preset=\u00a0\u00bbdefault\u00a0\u00bb][et_pb_column type=\u00a0\u00bb1_3&Prime; _builder_version=\u00a0\u00bb4.6.5&Prime; _module_preset=\u00a0\u00bbdefault\u00a0\u00bb][et_pb_image src=\u00a0\u00bbhttp:\/\/kawallaby.com\/wp-content\/uploads\/2020\/10\/C2-IMAGE-INTRO.png\u00a0\u00bb title_text=\u00a0\u00bbC2 &#8211; IMAGE INTRO\u00a0\u00bb show_in_lightbox=\u00a0\u00bbon\u00a0\u00bb _builder_version=\u00a0\u00bb4.6.5&Prime; _module_preset=\u00a0\u00bbdefault\u00a0\u00bb][\/et_pb_image][\/et_pb_column][et_pb_column type=\u00a0\u00bb1_3&Prime; _builder_version=\u00a0\u00bb4.6.5&Prime; _module_preset=\u00a0\u00bbdefault\u00a0\u00bb][et_pb_text _builder_version=\u00a0\u00bb4.6.5&Prime; _module_preset=\u00a0\u00bbdefault\u00a0\u00bb text_font=\u00a0\u00bbSpecial Elite||||||||\u00a0\u00bb text_text_color=\u00a0\u00bb#FFFFFF\u00a0\u00bb text_font_size=\u00a0\u00bb22px\u00a0\u00bb]<\/p>\n<p><strong>C2 &#8211; Dosage par \u00e9talonnage<\/strong><\/p>\n<p>[\/et_pb_text][et_pb_text _builder_version=\u00a0\u00bb4.6.5&Prime; _module_preset=\u00a0\u00bbdefault\u00a0\u00bb text_text_color=\u00a0\u00bb#bfbfbf\u00a0\u00bb]<\/p>\n<p><strong>Exos\u00a0<\/strong> Marmottes : p26&#8230; n\u00b0 20 puis 21<\/p>\n<p>\u00a0 \u00a0 \u00a0 \u00a0 \u00a0 Mammouths : p27 n\u00b0 22 puis 23, 34<\/p>\n<p>\u00a0 \u00a0 \u00a0 \u00a0 \u00a0 TyReX-bac : p30&#8230; n\u00b0 25 et 36 puis 37 !!<\/p>\n<p>[\/et_pb_text][\/et_pb_column][et_pb_column type=\u00a0\u00bb1_3&Prime; _builder_version=\u00a0\u00bb4.6.5&Prime; _module_preset=\u00a0\u00bbdefault\u00a0\u00bb][et_pb_text _builder_version=\u00a0\u00bb4.6.5&Prime; _module_preset=\u00a0\u00bbdefault\u00a0\u00bb text_font=\u00a0\u00bb|||||on|||\u00a0\u00bb text_text_color=\u00a0\u00bb#FFFFFF\u00a0\u00bb text_orientation=\u00a0\u00bbright\u00a0\u00bb text_text_shadow_style=\u00a0\u00bbpreset1&Prime;]<\/p>\n<p><em>Retrouve les docs :<\/em><\/p>\n<p><a href=\"http:\/\/kawallaby.com\/wp-content\/uploads\/2020\/10\/02-AE-6-Loi-de-Beer-Lambert-V2.pdf\" title=\"AE 6\"><strong>AE 6 &#8211; Dosage spectrophotom\u00e9trique<\/strong><\/a><\/p>\n<p><a href=\"http:\/\/kawallaby.com\/wp-content\/uploads\/2020\/10\/03-Dosages-par-etalonnage-CQFR.pdf\" title=\"CQFR\"><strong>CQFR<\/strong><\/a><\/p>\n<p>&nbsp;<\/p>\n<p>[\/et_pb_text][\/et_pb_column][\/et_pb_row][et_pb_row column_structure=\u00a0\u00bb1_3,1_3,1_3&Prime; _builder_version=\u00a0\u00bb4.6.5&Prime; _module_preset=\u00a0\u00bbdefault\u00a0\u00bb][et_pb_column type=\u00a0\u00bb1_3&Prime; _builder_version=\u00a0\u00bb4.6.5&Prime; _module_preset=\u00a0\u00bbdefault\u00a0\u00bb][et_pb_image src=\u00a0\u00bbhttp:\/\/kawallaby.com\/wp-content\/uploads\/2020\/12\/IMAGE-INTRO-C3.png\u00a0\u00bb title_text=\u00a0\u00bbIMAGE INTRO C3&Prime; show_in_lightbox=\u00a0\u00bbon\u00a0\u00bb _builder_version=\u00a0\u00bb4.7.4&Prime; _module_preset=\u00a0\u00bbdefault\u00a0\u00bb][\/et_pb_image][\/et_pb_column][et_pb_column type=\u00a0\u00bb1_3&Prime; _builder_version=\u00a0\u00bb4.6.5&Prime; _module_preset=\u00a0\u00bbdefault\u00a0\u00bb][et_pb_text _builder_version=\u00a0\u00bb4.6.5&Prime; _module_preset=\u00a0\u00bbdefault\u00a0\u00bb text_font=\u00a0\u00bbSpecial Elite||||||||\u00a0\u00bb text_text_color=\u00a0\u00bb#FFFFFF\u00a0\u00bb text_font_size=\u00a0\u00bb22px\u00a0\u00bb]<\/p>\n<p><strong>C3 &#8211; Oxydor\u00e9duction<\/strong><\/p>\n<p>[\/et_pb_text][et_pb_text _builder_version=\u00a0\u00bb4.7.4&Prime; _module_preset=\u00a0\u00bbdefault\u00a0\u00bb text_text_color=\u00a0\u00bb#bfbfbf\u00a0\u00bb]<\/p>\n<p><strong>Exos\u00a0<\/strong> Poussins : p43 n\u00b0 5 et 9<\/p>\n<p>\u00a0 \u00a0 \u00a0 \u00a0 \u00a0 Marmottes : p44&#8230; n\u00b0 11, 13 et 15<\/p>\n<p>\u00a0 \u00a0 \u00a0 \u00a0 \u00a0 Mammouths : p45 n\u00b0 16 et 18<\/p>\n<p>\u00a0 \u00a0 \u00a0 \u00a0 \u00a0 TyReX-bac : p47 n\u00b0 22 et 23<\/p>\n<p>[\/et_pb_text][\/et_pb_column][et_pb_column type=\u00a0\u00bb1_3&Prime; _builder_version=\u00a0\u00bb4.6.5&Prime; _module_preset=\u00a0\u00bbdefault\u00a0\u00bb][et_pb_text _builder_version=\u00a0\u00bb4.7.4&Prime; _module_preset=\u00a0\u00bbdefault\u00a0\u00bb text_font=\u00a0\u00bb|||||on|||\u00a0\u00bb text_text_color=\u00a0\u00bb#FFFFFF\u00a0\u00bb text_orientation=\u00a0\u00bbright\u00a0\u00bb text_text_shadow_style=\u00a0\u00bbpreset1&Prime;]<\/p>\n<p><em>Retrouve les docs :<\/em><\/p>\n<p><a href=\"http:\/\/kawallaby.com\/wp-content\/uploads\/2020\/12\/02-AE-11-Reaction-doxydoreduction.pdf\" title=\"AE 11\"><strong>AE 11 &#8211; R\u00e9action d&rsquo;oxydor\u00e9duction<\/strong><\/a><\/p>\n<p><a href=\"http:\/\/kawallaby.com\/wp-content\/uploads\/2020\/12\/03-CQFR-C3-Oxydoreduction.pdf\" title=\"CQFR\"><strong>CQFR<\/strong><\/a><\/p>\n<p>&nbsp;<\/p>\n<p>[\/et_pb_text][\/et_pb_column][\/et_pb_row][et_pb_row column_structure=\u00a0\u00bb1_3,1_3,1_3&Prime; _builder_version=\u00a0\u00bb4.6.5&Prime; _module_preset=\u00a0\u00bbdefault\u00a0\u00bb][et_pb_column type=\u00a0\u00bb1_3&Prime; _builder_version=\u00a0\u00bb4.6.5&Prime; _module_preset=\u00a0\u00bbdefault\u00a0\u00bb][et_pb_image src=\u00a0\u00bbhttp:\/\/kawallaby.com\/wp-content\/uploads\/2020\/12\/IMAGE-INTRO-C4-1.png\u00a0\u00bb title_text=\u00a0\u00bbIMAGE INTRO C4&Prime; show_in_lightbox=\u00a0\u00bbon\u00a0\u00bb _builder_version=\u00a0\u00bb4.7.4&Prime; _module_preset=\u00a0\u00bbdefault\u00a0\u00bb][\/et_pb_image][\/et_pb_column][et_pb_column type=\u00a0\u00bb1_3&Prime; _builder_version=\u00a0\u00bb4.6.5&Prime; _module_preset=\u00a0\u00bbdefault\u00a0\u00bb][et_pb_text _builder_version=\u00a0\u00bb4.6.5&Prime; _module_preset=\u00a0\u00bbdefault\u00a0\u00bb text_font=\u00a0\u00bbSpecial Elite||||||||\u00a0\u00bb text_text_color=\u00a0\u00bb#FFFFFF\u00a0\u00bb text_font_size=\u00a0\u00bb22px\u00a0\u00bb]<\/p>\n<p><strong>C4 &#8211; Tableau d&rsquo;avancement<\/strong><\/p>\n<p>[\/et_pb_text][et_pb_text _builder_version=\u00a0\u00bb4.7.4&Prime; _module_preset=\u00a0\u00bbdefault\u00a0\u00bb text_text_color=\u00a0\u00bb#bfbfbf\u00a0\u00bb]<\/p>\n<p><strong>Exos\u00a0<\/strong> Poussins : p58 n\u00b0 3 et 4<\/p>\n<p>\u00a0 \u00a0 \u00a0 \u00a0 \u00a0 Marmottes : p59 n\u00b0 9 et 10<\/p>\n<p>\u00a0 \u00a0 \u00a0 \u00a0 \u00a0 Mammouths : p59&#8230; n\u00b0 11, 12, 15 et 16<\/p>\n<p>\u00a0 \u00a0 \u00a0 \u00a0 \u00a0 \u00a0TyReX-bac : p63 n\u00b0 24 et 25<\/p>\n<p>[\/et_pb_text][\/et_pb_column][et_pb_column type=\u00a0\u00bb1_3&Prime; _builder_version=\u00a0\u00bb4.6.5&Prime; _module_preset=\u00a0\u00bbdefault\u00a0\u00bb][et_pb_text _builder_version=\u00a0\u00bb4.7.4&Prime; _module_preset=\u00a0\u00bbdefault\u00a0\u00bb text_font=\u00a0\u00bb|||||on|||\u00a0\u00bb text_text_color=\u00a0\u00bb#FFFFFF\u00a0\u00bb text_orientation=\u00a0\u00bbright\u00a0\u00bb text_text_shadow_style=\u00a0\u00bbpreset1&Prime;]<\/p>\n<p><em>Retrouve les docs :<\/em><\/p>\n<p><a href=\"http:\/\/kawallaby.com\/wp-content\/uploads\/2020\/12\/02-AE-12-Tableau-davancement.pdf\" title=\"AE 12\"><strong>AE 12 &#8211; Tableau d&rsquo;avancement<\/strong><\/a><\/p>\n<p><a href=\"http:\/\/kawallaby.com\/wp-content\/uploads\/2020\/12\/02-AE-13-Avancement-et-Python.pdf\" title=\"AE 13\"><strong>AE 13 &#8211; Avancement et Python<\/strong><\/a><\/p>\n<p><a href=\"http:\/\/kawallaby.com\/wp-content\/uploads\/2020\/12\/03-CQFR-C4-Tableau-davancement-v2.pdf\" title=\"CQFR\"><strong>CQFR<\/strong><\/a><\/p>\n<p>&nbsp;<\/p>\n<p>[\/et_pb_text][\/et_pb_column][\/et_pb_row][et_pb_row column_structure=\u00a0\u00bb1_3,1_3,1_3&Prime; _builder_version=\u00a0\u00bb4.6.5&Prime; _module_preset=\u00a0\u00bbdefault\u00a0\u00bb][et_pb_column type=\u00a0\u00bb1_3&Prime; _builder_version=\u00a0\u00bb4.6.5&Prime; _module_preset=\u00a0\u00bbdefault\u00a0\u00bb][et_pb_image src=\u00a0\u00bbhttp:\/\/kawallaby.com\/wp-content\/uploads\/2021\/01\/C5-Intro.png\u00a0\u00bb title_text=\u00a0\u00bbC5 Intro\u00a0\u00bb show_in_lightbox=\u00a0\u00bbon\u00a0\u00bb _builder_version=\u00a0\u00bb4.9.2&Prime; _module_preset=\u00a0\u00bbdefault\u00a0\u00bb][\/et_pb_image][\/et_pb_column][et_pb_column type=\u00a0\u00bb1_3&Prime; _builder_version=\u00a0\u00bb4.6.5&Prime; _module_preset=\u00a0\u00bbdefault\u00a0\u00bb][et_pb_text _builder_version=\u00a0\u00bb4.7.4&Prime; _module_preset=\u00a0\u00bbdefault\u00a0\u00bb text_font=\u00a0\u00bbSpecial Elite||||||||\u00a0\u00bb text_text_color=\u00a0\u00bb#FFFFFF\u00a0\u00bb text_font_size=\u00a0\u00bb22px\u00a0\u00bb]<\/p>\n<p><strong>C5 &#8211; Titrage colorim\u00e9trique<\/strong><\/p>\n<p>[\/et_pb_text][et_pb_text _builder_version=\u00a0\u00bb4.7.4&Prime; _module_preset=\u00a0\u00bbdefault\u00a0\u00bb text_text_color=\u00a0\u00bb#bfbfbf\u00a0\u00bb]<\/p>\n<p><strong>Exos\u00a0<\/strong> Poussins : p73 n\u00b0 2, 3, 4 et 5<\/p>\n<p>\u00a0 \u00a0 \u00a0 \u00a0 \u00a0 Marmottes : p74 n\u00b0 6, 7, 8 et 10<\/p>\n<p>\u00a0 \u00a0 \u00a0 \u00a0 \u00a0 Mammouths : p75 n\u00b0 13,<\/p>\n<p>\u00a0 \u00a0 \u00a0 \u00a0 \u00a0 \u00a0 \u00a0 \u00a0 \u00a0 \u00a0 \u00a0 \u00a0 \u00a0 \u00a0 \u00a0 \u00a0 \u00a0 \u00a0 p76 n\u00b0 14, 15 et 16<\/p>\n<p>\u00a0 \u00a0 \u00a0 \u00a0 \u00a0 \u00a0TyReX-bac : p77 n\u00b0 17 et 18<\/p>\n<p>[\/et_pb_text][\/et_pb_column][et_pb_column type=\u00a0\u00bb1_3&Prime; _builder_version=\u00a0\u00bb4.6.5&Prime; _module_preset=\u00a0\u00bbdefault\u00a0\u00bb][et_pb_text _builder_version=\u00a0\u00bb4.9.2&Prime; _module_preset=\u00a0\u00bbdefault\u00a0\u00bb text_font=\u00a0\u00bb|||||on|||\u00a0\u00bb text_text_color=\u00a0\u00bb#FFFFFF\u00a0\u00bb text_orientation=\u00a0\u00bbright\u00a0\u00bb hover_enabled=\u00a0\u00bb0&Prime; text_text_shadow_style=\u00a0\u00bbpreset1&Prime; sticky_enabled=\u00a0\u00bb0&Prime;]<\/p>\n<p><em>Retrouve les docs :<\/em><\/p>\n<p><a href=\"http:\/\/kawallaby.com\/wp-content\/uploads\/2021\/01\/02-AE-14-Dosage-par-titrage-colorimetrique.pdf\" title=\"AE 14\"><strong>AE 14 &#8211; Dosage par titrage colorim\u00e9trique<\/strong><\/a><\/p>\n<p><a href=\"http:\/\/kawallaby.com\/wp-content\/uploads\/2021\/01\/03-CQFR-C5-Titrages-colorimetriques.pdf\" title=\"CQFR\" style=\"background-color: rgba(0, 0, 0, 0);\"><strong>CQFR<\/strong><\/a><\/p>\n<p>&nbsp;<\/p>\n<p>[\/et_pb_text][\/et_pb_column][\/et_pb_row][et_pb_row column_structure=\u00a0\u00bb1_3,1_3,1_3&Prime; _builder_version=\u00a0\u00bb4.6.5&Prime; _module_preset=\u00a0\u00bbdefault\u00a0\u00bb][et_pb_column type=\u00a0\u00bb1_3&Prime; _builder_version=\u00a0\u00bb4.6.5&Prime; _module_preset=\u00a0\u00bbdefault\u00a0\u00bb][et_pb_image src=\u00a0\u00bbhttp:\/\/kawallaby.com\/wp-content\/uploads\/2021\/03\/IMAGE-INTRO-C6.png\u00a0\u00bb title_text=\u00a0\u00bbIMAGE INTRO C6&Prime; show_in_lightbox=\u00a0\u00bbon\u00a0\u00bb _builder_version=\u00a0\u00bb4.9.2&Prime; _module_preset=\u00a0\u00bbdefault\u00a0\u00bb][\/et_pb_image][\/et_pb_column][et_pb_column type=\u00a0\u00bb1_3&Prime; _builder_version=\u00a0\u00bb4.6.5&Prime; _module_preset=\u00a0\u00bbdefault\u00a0\u00bb][et_pb_text _builder_version=\u00a0\u00bb4.7.4&Prime; _module_preset=\u00a0\u00bbdefault\u00a0\u00bb text_font=\u00a0\u00bbSpecial Elite||||||||\u00a0\u00bb text_text_color=\u00a0\u00bb#FFFFFF\u00a0\u00bb text_font_size=\u00a0\u00bb22px\u00a0\u00bb]<\/p>\n<p><strong>C6 &#8211; De la structure \u00e0 la polarit\u00e9 des entit\u00e9s chimiques<\/strong><\/p>\n<p>[\/et_pb_text][et_pb_text _builder_version=\u00a0\u00bb4.9.2&Prime; _module_preset=\u00a0\u00bbdefault\u00a0\u00bb text_text_color=\u00a0\u00bb#bfbfbf\u00a0\u00bb]<\/p>\n<p><strong><\/strong><\/p>\n<p><strong>Exos\u00a0<\/strong> Poussins : p92 n\u00b0 4, 5, 7, 9, 11 et 13<\/p>\n<p>\u00a0 \u00a0 \u00a0 \u00a0 \u00a0 Marmottes : p93 n\u00b0 15, 16, 17, 20 et 21<\/p>\n<p>\u00a0 \u00a0 \u00a0 \u00a0 \u00a0 \u00a0 \u00a0 \u00a0 \u00a0 \u00a0 \u00a0 \u00a0 \u00a0 \u00a0 \u00a0 \u00a0 \u00a0p94 n\u00b0 23 et 24<\/p>\n<p>\u00a0 \u00a0 \u00a0 \u00a0 \u00a0 Mammouths : p94 n\u00b0 25, 27, 29 et 31<\/p>\n<p>\u00a0 \u00a0 \u00a0 \u00a0 \u00a0 TyReX-bac : p96 n\u00b0 34, 36, 35 et 37<\/p>\n<p>[\/et_pb_text][\/et_pb_column][et_pb_column type=\u00a0\u00bb1_3&Prime; _builder_version=\u00a0\u00bb4.6.5&Prime; _module_preset=\u00a0\u00bbdefault\u00a0\u00bb][et_pb_text _builder_version=\u00a0\u00bb4.9.2&Prime; _module_preset=\u00a0\u00bbdefault\u00a0\u00bb text_font=\u00a0\u00bb|||||on|||\u00a0\u00bb text_text_color=\u00a0\u00bb#FFFFFF\u00a0\u00bb text_orientation=\u00a0\u00bbright\u00a0\u00bb text_text_shadow_style=\u00a0\u00bbpreset1&Prime;]<\/p>\n<p><em>Retrouve les docs :<\/em><\/p>\n<p><a href=\"http:\/\/kawallaby.com\/wp-content\/uploads\/2021\/03\/02-AE-18-Geo-Molecules.pdf\" title=\"AE 18\"><strong>AE 18 &#8211; G\u00e9om\u00e9trie des mol\u00e9cules<\/strong><\/a><\/p>\n<p><a href=\"http:\/\/kawallaby.com\/wp-content\/uploads\/2021\/03\/03-CQFR-C6-De-la-structure-a-la-polarite-dune-entite-chimique.pdf\" title=\"CQFR\" style=\"background-color: rgba(0, 0, 0, 0);\"><strong>CQFR<\/strong><\/a><\/p>\n<p>&nbsp;<\/p>\n<p>[\/et_pb_text][\/et_pb_column][\/et_pb_row][et_pb_row column_structure=\u00a0\u00bb1_3,1_3,1_3&Prime; _builder_version=\u00a0\u00bb4.6.5&Prime; _module_preset=\u00a0\u00bbdefault\u00a0\u00bb][et_pb_column type=\u00a0\u00bb1_3&Prime; _builder_version=\u00a0\u00bb4.6.5&Prime; _module_preset=\u00a0\u00bbdefault\u00a0\u00bb][et_pb_image src=\u00a0\u00bbhttp:\/\/kawallaby.com\/wp-content\/uploads\/2021\/03\/IMAGE-INTRO-C7.png\u00a0\u00bb title_text=\u00a0\u00bbIMAGE INTRO C7&Prime; show_in_lightbox=\u00a0\u00bbon\u00a0\u00bb _builder_version=\u00a0\u00bb4.9.2&Prime; _module_preset=\u00a0\u00bbdefault\u00a0\u00bb hover_enabled=\u00a0\u00bb0&Prime; sticky_enabled=\u00a0\u00bb0&Prime;][\/et_pb_image][\/et_pb_column][et_pb_column type=\u00a0\u00bb1_3&Prime; _builder_version=\u00a0\u00bb4.6.5&Prime; _module_preset=\u00a0\u00bbdefault\u00a0\u00bb][et_pb_text _builder_version=\u00a0\u00bb4.7.4&Prime; _module_preset=\u00a0\u00bbdefault\u00a0\u00bb text_font=\u00a0\u00bbSpecial Elite||||||||\u00a0\u00bb text_text_color=\u00a0\u00bb#FFFFFF\u00a0\u00bb text_font_size=\u00a0\u00bb22px\u00a0\u00bb]<\/p>\n<p><strong>C7 &#8211; Coh\u00e9sion de la mati\u00e8re<\/strong><\/p>\n<p>[\/et_pb_text][et_pb_text _builder_version=\u00a0\u00bb4.9.2&Prime; _module_preset=\u00a0\u00bbdefault\u00a0\u00bb text_text_color=\u00a0\u00bb#bfbfbf\u00a0\u00bb hover_enabled=\u00a0\u00bb0&Prime; sticky_enabled=\u00a0\u00bb0&Prime;]<\/p>\n<p><strong><\/strong><\/p>\n<p><strong style=\"background-color: rgba(0, 0, 0, 0);\">Exos\u00a0<\/strong><span style=\"background-color: rgba(0, 0, 0, 0);\"> Poussins : p112 n\u00b0 4, 5, 6, 7, 11, 13 et 17<\/span><br \/><strong><\/strong><\/p>\n<p>\u00a0 \u00a0 \u00a0 \u00a0 \u00a0 Marmottes : p113 n\u00b0 11, 13, 17 et 19<\/p>\n<p>\u00a0 \u00a0 \u00a0 \u00a0 \u00a0 \u00a0 \u00a0 \u00a0 \u00a0 \u00a0 \u00a0 \u00a0 \u00a0 \u00a0 \u00a0 \u00a0 \u00a0p94 n\u00b0 23 et 24<\/p>\n<p>\u00a0 \u00a0 \u00a0 \u00a0 \u00a0 Mammouths : p116 n\u00b0 23 et 25<\/p>\n<p>\u00a0 \u00a0 \u00a0 \u00a0 \u00a0 TyReX-bac : p117 n\u00b0 26 et 27<\/p>\n<p>[\/et_pb_text][\/et_pb_column][et_pb_column type=\u00a0\u00bb1_3&Prime; _builder_version=\u00a0\u00bb4.6.5&Prime; _module_preset=\u00a0\u00bbdefault\u00a0\u00bb][et_pb_text _builder_version=\u00a0\u00bb4.9.2&Prime; _module_preset=\u00a0\u00bbdefault\u00a0\u00bb text_font=\u00a0\u00bb|||||on|||\u00a0\u00bb text_text_color=\u00a0\u00bb#FFFFFF\u00a0\u00bb text_orientation=\u00a0\u00bbright\u00a0\u00bb hover_enabled=\u00a0\u00bb0&Prime; text_text_shadow_style=\u00a0\u00bbpreset1&Prime; sticky_enabled=\u00a0\u00bb0&Prime;]<\/p>\n<p><em>Retrouve les docs :<\/em><\/p>\n<p><a href=\"http:\/\/kawallaby.com\/wp-content\/uploads\/2021\/03\/02-AE-19-Extraction-dune-espece-en-solution.pdf\" title=\"AE 19\"><strong>AE 19 &#8211; Extraction d&rsquo;une esp\u00e8ce en solution<\/strong><\/a><\/p>\n<p><a href=\"http:\/\/kawallaby.com\/wp-content\/uploads\/2021\/03\/03-CQFR-C7-Cohesion-de-la-matiere.pdf\" title=\"CQFR\" style=\"background-color: rgba(0, 0, 0, 0);\"><strong>CQFR<\/strong><\/a><\/p>\n<p>&nbsp;<\/p>\n<p>[\/et_pb_text][\/et_pb_column][\/et_pb_row][et_pb_row column_structure=\u00a0\u00bb1_3,1_3,1_3&Prime; _builder_version=\u00a0\u00bb4.6.5&Prime; _module_preset=\u00a0\u00bbdefault\u00a0\u00bb][et_pb_column type=\u00a0\u00bb1_3&Prime; _builder_version=\u00a0\u00bb4.6.5&Prime; _module_preset=\u00a0\u00bbdefault\u00a0\u00bb][et_pb_image src=\u00a0\u00bbhttp:\/\/kawallaby.com\/wp-content\/uploads\/2021\/03\/IMAGE-INTRO-C8.png\u00a0\u00bb title_text=\u00a0\u00bbIMAGE INTRO C8&Prime; show_in_lightbox=\u00a0\u00bbon\u00a0\u00bb _builder_version=\u00a0\u00bb4.9.2&Prime; _module_preset=\u00a0\u00bbdefault\u00a0\u00bb hover_enabled=\u00a0\u00bb0&Prime; sticky_enabled=\u00a0\u00bb0&Prime;][\/et_pb_image][\/et_pb_column][et_pb_column type=\u00a0\u00bb1_3&Prime; _builder_version=\u00a0\u00bb4.6.5&Prime; _module_preset=\u00a0\u00bbdefault\u00a0\u00bb][et_pb_text _builder_version=\u00a0\u00bb4.7.4&Prime; _module_preset=\u00a0\u00bbdefault\u00a0\u00bb text_font=\u00a0\u00bbSpecial Elite||||||||\u00a0\u00bb text_text_color=\u00a0\u00bb#FFFFFF\u00a0\u00bb text_font_size=\u00a0\u00bb22px\u00a0\u00bb]<\/p>\n<p><strong>C8 &#8211; Structure des entit\u00e9s organiques<\/strong><\/p>\n<p>[\/et_pb_text][et_pb_text _builder_version=\u00a0\u00bb4.9.2&Prime; _module_preset=\u00a0\u00bbdefault\u00a0\u00bb text_text_color=\u00a0\u00bb#bfbfbf\u00a0\u00bb hover_enabled=\u00a0\u00bb0&Prime; sticky_enabled=\u00a0\u00bb0&Prime;]<\/p>\n<p><strong><\/strong><\/p>\n<p><strong style=\"background-color: rgba(0, 0, 0, 0);\">Exos\u00a0<\/strong><span style=\"background-color: rgba(0, 0, 0, 0);\"> Poussins : p130 n\u00b0 6, 10, 11, 12 et 14<\/span><br \/><strong><\/strong><\/p>\n<p>\u00a0 \u00a0 \u00a0 \u00a0 \u00a0 Marmottes : p132 n\u00b0 15, 16 et 17<\/p>\n<p>\u00a0 \u00a0 \u00a0 \u00a0 \u00a0 Mammouths : p133 n\u00b0 20, 21 et 23<\/p>\n<p>\u00a0 \u00a0 \u00a0 \u00a0 \u00a0 TyReX-bac : p134 n\u00b0 22, 24 et 25<\/p>\n<p>[\/et_pb_text][\/et_pb_column][et_pb_column type=\u00a0\u00bb1_3&Prime; _builder_version=\u00a0\u00bb4.6.5&Prime; _module_preset=\u00a0\u00bbdefault\u00a0\u00bb][et_pb_text _builder_version=\u00a0\u00bb4.9.2&Prime; _module_preset=\u00a0\u00bbdefault\u00a0\u00bb text_font=\u00a0\u00bb|||||on|||\u00a0\u00bb text_text_color=\u00a0\u00bb#FFFFFF\u00a0\u00bb text_orientation=\u00a0\u00bbright\u00a0\u00bb hover_enabled=\u00a0\u00bb0&Prime; text_text_shadow_style=\u00a0\u00bbpreset1&Prime; sticky_enabled=\u00a0\u00bb0&Prime;]<\/p>\n<p><em>Retrouve les docs :<\/em><\/p>\n<p><a href=\"http:\/\/kawallaby.com\/wp-content\/uploads\/2021\/03\/02-AE-22-Identification-de-la-geometrie-dune-molecule.pdf\" title=\"AE 22\"><strong>AE 22 &#8211; Identification de la g\u00e9om\u00e9trie d&rsquo;une mol\u00e9cule<\/strong><\/a><\/p>\n<p><a href=\"http:\/\/kawallaby.com\/wp-content\/uploads\/2021\/03\/03-CQFR-C8-Structure-des-entites-chimiques.pdf\" title=\"CQFR\" style=\"background-color: rgba(0, 0, 0, 0);\"><strong>CQFR<\/strong><\/a><\/p>\n<p>&nbsp;<\/p>\n<p>[\/et_pb_text][\/et_pb_column][\/et_pb_row][\/et_pb_section]<\/p>\n","protected":false},"excerpt":{"rendered":"<p>C1 &#8211; Quantit\u00e9 de mati\u00e8reExos\u00a0 Poussins : p24&#8230; n\u00b0 3, 5, 7, 9, 11 et 13 \u00a0 \u00a0 \u00a0 \u00a0 \u00a0 \u00a0Marmottes : p26&#8230; n\u00b0 15 et 19 \u00a0 \u00a0 \u00a0 \u00a0 \u00a0 \u00a0Mammouths : p28&#8230; n\u00b0 25 , 26 et 28 &nbsp; Retrouve les docs : AE 4 &#8211; Pr\u00e9lever une quantit\u00e9 de mati\u00e8re [&hellip;]<\/p>\n","protected":false},"author":1,"featured_media":0,"parent":0,"menu_order":0,"comment_status":"closed","ping_status":"closed","template":"page-template-fullwidth.php","meta":{"_et_pb_use_builder":"on","_et_pb_old_content":"","_et_gb_content_width":"","footnotes":""},"_links":{"self":[{"href":"https:\/\/kawallaby.com\/index.php\/wp-json\/wp\/v2\/pages\/2629"}],"collection":[{"href":"https:\/\/kawallaby.com\/index.php\/wp-json\/wp\/v2\/pages"}],"about":[{"href":"https:\/\/kawallaby.com\/index.php\/wp-json\/wp\/v2\/types\/page"}],"author":[{"embeddable":true,"href":"https:\/\/kawallaby.com\/index.php\/wp-json\/wp\/v2\/users\/1"}],"replies":[{"embeddable":true,"href":"https:\/\/kawallaby.com\/index.php\/wp-json\/wp\/v2\/comments?post=2629"}],"version-history":[{"count":15,"href":"https:\/\/kawallaby.com\/index.php\/wp-json\/wp\/v2\/pages\/2629\/revisions"}],"predecessor-version":[{"id":2737,"href":"https:\/\/kawallaby.com\/index.php\/wp-json\/wp\/v2\/pages\/2629\/revisions\/2737"}],"wp:attachment":[{"href":"https:\/\/kawallaby.com\/index.php\/wp-json\/wp\/v2\/media?parent=2629"}],"curies":[{"name":"wp","href":"https:\/\/api.w.org\/{rel}","templated":true}]}}