{"id":776,"date":"2016-10-05T17:18:28","date_gmt":"2016-10-05T16:18:28","guid":{"rendered":"http:\/\/kawallaby.com\/?page_id=776"},"modified":"2020-04-03T08:11:24","modified_gmt":"2020-04-03T07:11:24","slug":"agenda","status":"publish","type":"page","link":"https:\/\/kawallaby.com\/index.php\/agenda\/","title":{"rendered":"AGENDA"},"content":{"rendered":"<p>[et_pb_section admin_label=\u00a0\u00bbsection\u00a0\u00bb][et_pb_row admin_label=\u00a0\u00bbrow\u00a0\u00bb][et_pb_column type=\u00a0\u00bb1_3&Prime;][et_pb_image admin_label=\u00a0\u00bbLOGO\u00a0\u00bb src=\u00a0\u00bbhttp:\/\/kawallaby.com\/wp-content\/uploads\/2016\/04\/TAMPON-Agenda-Sorties.png\u00a0\u00bb show_in_lightbox=\u00a0\u00bboff\u00a0\u00bb url_new_window=\u00a0\u00bboff\u00a0\u00bb use_overlay=\u00a0\u00bboff\u00a0\u00bb animation=\u00a0\u00bbleft\u00a0\u00bb sticky=\u00a0\u00bboff\u00a0\u00bb align=\u00a0\u00bbleft\u00a0\u00bb force_fullwidth=\u00a0\u00bboff\u00a0\u00bb always_center_on_mobile=\u00a0\u00bbon\u00a0\u00bb use_border_color=\u00a0\u00bboff\u00a0\u00bb border_color=\u00a0\u00bb#ffffff\u00a0\u00bb border_style=\u00a0\u00bbsolid\u00a0\u00bb] [\/et_pb_image][\/et_pb_column][et_pb_column type=\u00a0\u00bb2_3&Prime;][et_pb_text admin_label=\u00a0\u00bbTitre\u00a0\u00bb background_layout=\u00a0\u00bblight\u00a0\u00bb text_orientation=\u00a0\u00bbleft\u00a0\u00bb use_border_color=\u00a0\u00bboff\u00a0\u00bb border_color=\u00a0\u00bb#ffffff\u00a0\u00bb border_style=\u00a0\u00bbsolid\u00a0\u00bb text_font_size=\u00a0\u00bb22&Prime;]<\/p>\n<p style=\"text-align: center;\"><strong>AGENDA et SORTIES du Wallaby<\/strong><\/p>\n<p>[\/et_pb_text][et_pb_text admin_label=\u00a0\u00bbTexte\u00a0\u00bb background_layout=\u00a0\u00bblight\u00a0\u00bb text_orientation=\u00a0\u00bbleft\u00a0\u00bb use_border_color=\u00a0\u00bboff\u00a0\u00bb border_color=\u00a0\u00bb#ffffff\u00a0\u00bb border_style=\u00a0\u00bbsolid\u00a0\u00bb]<\/p>\n<p>Tu pourras retrouver sur cette page l&rsquo;agenda du Wallaby, c&rsquo;est-\u00e0-dire tout un tas d&rsquo;\u00e9v\u00e9nements le plus souvent scientifiques.<\/p>\n<p>Tu pourras trouver la liste des \u00e9v\u00e9nements et des conseils bien pratiques pour passer de bons moments, \u00e0 la suite de l&rsquo;agenda. Tu pourras m\u00eame acc\u00e9der \u00e0 un article d\u00e9taill\u00e9 en cliquant sur l&rsquo;image de l&rsquo;\u00e9v\u00e9nement, ou acc\u00e9der \u00e0 divers lien en cliquant sur les textes en gras.<\/p>\n<p>[\/et_pb_text][\/et_pb_column][\/et_pb_row][et_pb_row admin_label=\u00a0\u00bbLigne\u00a0\u00bb][et_pb_column type=\u00a0\u00bb4_4&Prime;][et_pb_gallery admin_label=\u00a0\u00bbGalerie\u00a0\u00bb gallery_ids=\u00a0\u00bb2452,2453,2454,2151,2157,2156,2405,2448,2449&Prime; fullwidth=\u00a0\u00bbon\u00a0\u00bb show_title_and_caption=\u00a0\u00bboff\u00a0\u00bb show_pagination=\u00a0\u00bboff\u00a0\u00bb background_layout=\u00a0\u00bblight\u00a0\u00bb auto=\u00a0\u00bboff\u00a0\u00bb hover_overlay_color=\u00a0\u00bbrgba(255,255,255,0.9)\u00a0\u00bb caption_all_caps=\u00a0\u00bboff\u00a0\u00bb use_border_color=\u00a0\u00bboff\u00a0\u00bb border_color=\u00a0\u00bb#ffffff\u00a0\u00bb border_style=\u00a0\u00bbsolid\u00a0\u00bb] [\/et_pb_gallery][\/et_pb_column][\/et_pb_row][et_pb_row admin_label=\u00a0\u00bbLigne\u00a0\u00bb][et_pb_column type=\u00a0\u00bb1_3&Prime;][et_pb_image admin_label=\u00a0\u00bbJourn\u00e9e mondiale\u00a0\u00bb src=\u00a0\u00bbhttp:\/\/kawallaby.com\/wp-content\/uploads\/2016\/10\/Journ\u00e9e-mondiale.png\u00a0\u00bb show_in_lightbox=\u00a0\u00bboff\u00a0\u00bb url_new_window=\u00a0\u00bboff\u00a0\u00bb use_overlay=\u00a0\u00bboff\u00a0\u00bb animation=\u00a0\u00bboff\u00a0\u00bb sticky=\u00a0\u00bboff\u00a0\u00bb align=\u00a0\u00bbleft\u00a0\u00bb force_fullwidth=\u00a0\u00bboff\u00a0\u00bb always_center_on_mobile=\u00a0\u00bbon\u00a0\u00bb use_border_color=\u00a0\u00bboff\u00a0\u00bb border_color=\u00a0\u00bb#ffffff\u00a0\u00bb border_style=\u00a0\u00bbsolid\u00a0\u00bb url=\u00a0\u00bbhttps:\/\/www.journee-mondiale.com\/\u00a0\u00bb] [\/et_pb_image][\/et_pb_column][et_pb_column type=\u00a0\u00bb2_3&Prime;][et_pb_text admin_label=\u00a0\u00bbTexte\u00a0\u00bb background_layout=\u00a0\u00bblight\u00a0\u00bb text_orientation=\u00a0\u00bbleft\u00a0\u00bb text_font_size=\u00a0\u00bb15&Prime; use_border_color=\u00a0\u00bboff\u00a0\u00bb border_color=\u00a0\u00bb#ffffff\u00a0\u00bb border_style=\u00a0\u00bbsolid\u00a0\u00bb]<\/p>\n<p><strong>JOURN\u00c9E MONDIALE<\/strong><\/p>\n<p>[\/et_pb_text][et_pb_text admin_label=\u00a0\u00bbTexte\u00a0\u00bb background_layout=\u00a0\u00bblight\u00a0\u00bb text_orientation=\u00a0\u00bbleft\u00a0\u00bb use_border_color=\u00a0\u00bboff\u00a0\u00bb border_color=\u00a0\u00bb#ffffff\u00a0\u00bb border_style=\u00a0\u00bbsolid\u00a0\u00bb]<\/p>\n<p>Retrouve bien d&rsquo;autres journ\u00e9es mondiales sur le <a href=\"https:\/\/www.journee-mondiale.com\/\"><strong>site de journee-mondiale.com<\/strong><\/a> en cliquant sur l&rsquo;ic\u00f4ne ou <a href=\"https:\/\/www.journee-mondiale.com\/\"><strong>ici<\/strong><\/a> !<\/p>\n<p>[\/et_pb_text][\/et_pb_column][\/et_pb_row][et_pb_row admin_label=\u00a0\u00bbLigne\u00a0\u00bb][et_pb_column type=\u00a0\u00bb1_3&Prime;][\/et_pb_column][et_pb_column type=\u00a0\u00bb2_3&Prime;][et_pb_text admin_label=\u00a0\u00bbTexte\u00a0\u00bb background_layout=\u00a0\u00bblight\u00a0\u00bb text_orientation=\u00a0\u00bbleft\u00a0\u00bb text_font_size=\u00a0\u00bb15&Prime; use_border_color=\u00a0\u00bboff\u00a0\u00bb border_color=\u00a0\u00bb#ffffff\u00a0\u00bb border_style=\u00a0\u00bbsolid\u00a0\u00bb]<\/p>\n<p><strong>DECEMBRE<\/strong><\/p>\n<p>[\/et_pb_text][et_pb_text admin_label=\u00a0\u00bbTexte\u00a0\u00bb background_layout=\u00a0\u00bblight\u00a0\u00bb text_orientation=\u00a0\u00bbleft\u00a0\u00bb use_border_color=\u00a0\u00bboff\u00a0\u00bb border_color=\u00a0\u00bb#ffffff\u00a0\u00bb border_style=\u00a0\u00bbsolid\u00a0\u00bb]<\/p>\n<p>D\u00e9tails sur les divers \u00e9v\u00e9nements du mois bient\u00f4t !<\/p>\n<p>[\/et_pb_text][\/et_pb_column][\/et_pb_row][et_pb_row admin_label=\u00a0\u00bbLigne\u00a0\u00bb][et_pb_column type=\u00a0\u00bb1_3&Prime;][et_pb_image admin_label=\u00a0\u00bbSemaine de la solidarit\u00e9\u00a0\u00bb src=\u00a0\u00bbhttp:\/\/kawallaby.com\/wp-content\/uploads\/2016\/10\/logo_ssi.jpg\u00a0\u00bb show_in_lightbox=\u00a0\u00bboff\u00a0\u00bb url_new_window=\u00a0\u00bboff\u00a0\u00bb use_overlay=\u00a0\u00bboff\u00a0\u00bb animation=\u00a0\u00bboff\u00a0\u00bb sticky=\u00a0\u00bboff\u00a0\u00bb align=\u00a0\u00bbleft\u00a0\u00bb force_fullwidth=\u00a0\u00bboff\u00a0\u00bb always_center_on_mobile=\u00a0\u00bbon\u00a0\u00bb use_border_color=\u00a0\u00bboff\u00a0\u00bb border_color=\u00a0\u00bb#ffffff\u00a0\u00bb border_style=\u00a0\u00bbsolid\u00a0\u00bb] [\/et_pb_image][\/et_pb_column][et_pb_column type=\u00a0\u00bb2_3&Prime;][et_pb_text admin_label=\u00a0\u00bbTexte\u00a0\u00bb background_layout=\u00a0\u00bblight\u00a0\u00bb text_orientation=\u00a0\u00bbleft\u00a0\u00bb text_font_size=\u00a0\u00bb15&Prime; use_border_color=\u00a0\u00bboff\u00a0\u00bb border_color=\u00a0\u00bb#ffffff\u00a0\u00bb border_style=\u00a0\u00bbsolid\u00a0\u00bb]<\/p>\n<p><strong>NOVEMBRE<\/strong><\/p>\n<p>[\/et_pb_text][et_pb_text admin_label=\u00a0\u00bbTexte\u00a0\u00bb background_layout=\u00a0\u00bblight\u00a0\u00bb text_orientation=\u00a0\u00bbleft\u00a0\u00bb use_border_color=\u00a0\u00bboff\u00a0\u00bb border_color=\u00a0\u00bb#ffffff\u00a0\u00bb border_style=\u00a0\u00bbsolid\u00a0\u00bb]<\/p>\n<p>Si la p\u00e9riode du 16 novembre au 2 d\u00e9cembre est l&rsquo;occasion de la <strong>semaine de la solidarit\u00e9<\/strong>, c&rsquo;est tout le mois de novembre qui pourrait \u00eatre consid\u00e9r\u00e9 comme le mois de la solidarit\u00e9 puisque l&rsquo;on y retrouve des journ\u00e9es portant sur : la lutte contre le harc\u00e8lement scolaire (<a href=\"http:\/\/kawallaby.com\/index.php\/2016\/11\/02\/journee-nationale-de-lutte-contre-le-harcelement-scolaire\/\"><strong>ici<\/strong><\/a>), la pr\u00e9servation de l&rsquo;environnement en temps de guerre, la science au service de la paix, la tol\u00e9rance, les droits de l&rsquo;enfants, l&rsquo;\u00e9limination de la violence faite aux femmes, ou encore les enfants des rues.<\/p>\n<p>C&rsquo;est donc l&rsquo;opportunit\u00e9 pour beaucoup de s&rsquo;informer, d&rsquo;\u00eatre aid\u00e9 ou m\u00eame de se d\u00e9couvrir la volont\u00e9 d&rsquo;aider son prochain, la semaine de la solidarit\u00e9 demeurant un moment fort de partage et d&rsquo;\u00e9change.<\/p>\n<p>[\/et_pb_text][\/et_pb_column][\/et_pb_row][et_pb_row admin_label=\u00a0\u00bbLigne\u00a0\u00bb][et_pb_column type=\u00a0\u00bb1_3&Prime;][et_pb_image admin_label=\u00a0\u00bbLeonides Box Sparkle\u00a0\u00bb src=\u00a0\u00bbhttp:\/\/kawallaby.com\/wp-content\/uploads\/2016\/10\/L\u00e9onides.png\u00a0\u00bb show_in_lightbox=\u00a0\u00bboff\u00a0\u00bb url_new_window=\u00a0\u00bboff\u00a0\u00bb use_overlay=\u00a0\u00bboff\u00a0\u00bb animation=\u00a0\u00bboff\u00a0\u00bb sticky=\u00a0\u00bboff\u00a0\u00bb align=\u00a0\u00bbleft\u00a0\u00bb force_fullwidth=\u00a0\u00bboff\u00a0\u00bb always_center_on_mobile=\u00a0\u00bbon\u00a0\u00bb use_border_color=\u00a0\u00bboff\u00a0\u00bb border_color=\u00a0\u00bb#ffffff\u00a0\u00bb border_style=\u00a0\u00bbsolid\u00a0\u00bb] [\/et_pb_image][\/et_pb_column][et_pb_column type=\u00a0\u00bb2_3&Prime;][et_pb_text admin_label=\u00a0\u00bbTexte\u00a0\u00bb background_layout=\u00a0\u00bblight\u00a0\u00bb text_orientation=\u00a0\u00bbleft\u00a0\u00bb text_font_size=\u00a0\u00bb15&Prime; use_border_color=\u00a0\u00bboff\u00a0\u00bb border_color=\u00a0\u00bb#ffffff\u00a0\u00bb border_style=\u00a0\u00bbsolid\u00a0\u00bb]<\/p>\n<p><strong>NOVEMBRE<\/strong><\/p>\n<p>[\/et_pb_text][et_pb_text admin_label=\u00a0\u00bbTexte\u00a0\u00bb background_layout=\u00a0\u00bblight\u00a0\u00bb text_orientation=\u00a0\u00bbleft\u00a0\u00bb use_border_color=\u00a0\u00bboff\u00a0\u00bb border_color=\u00a0\u00bb#ffffff\u00a0\u00bb border_style=\u00a0\u00bbsolid\u00a0\u00bb]<\/p>\n<p>Le 17 novembre est la journ\u00e9e lors de laquelle l&rsquo;essaim <strong>m\u00e9t\u00e9oritique des L\u00e9onides<\/strong>, issue de la com\u00e8te de Tempel-Tupple,\u00a0est le plus visible. Par visible, j&rsquo;entends qu&rsquo;il est possible de voir la nuit du c\u00f4t\u00e9 de la constellation du Lion jusqu&rsquo;\u00e0 10 000 chutes d&rsquo;\u00e9toiles filantes par heure !<\/p>\n<p>Ne vous emballez pas trop cependant, ce maximum n&rsquo;\u00e9tant atteint que tout les 33 ans environ, lorsque la com\u00e8te passe proche de l&rsquo;orbite terrestre&#8230; Et ceci ne se produira pour la prochaine fois que dans seize ans ! Ne vous attendez donc pas cette ann\u00e9e \u00e0 en voir chuter plus de 25 par heures&#8230;<\/p>\n<p>Eh oui, la prochaine <strong>L\u00e9onides Box Sparkle<\/strong>, ce sera pour 2032.<\/p>\n<p>[\/et_pb_text][\/et_pb_column][\/et_pb_row][et_pb_row admin_label=\u00a0\u00bbLigne\u00a0\u00bb][et_pb_column type=\u00a0\u00bb1_3&Prime;][et_pb_image admin_label=\u00a0\u00bbSamain Holidays\u00a0\u00bb src=\u00a0\u00bbhttp:\/\/kawallaby.com\/wp-content\/uploads\/2016\/10\/Samain-Holidays-3.png\u00a0\u00bb show_in_lightbox=\u00a0\u00bboff\u00a0\u00bb url_new_window=\u00a0\u00bboff\u00a0\u00bb use_overlay=\u00a0\u00bboff\u00a0\u00bb animation=\u00a0\u00bboff\u00a0\u00bb sticky=\u00a0\u00bboff\u00a0\u00bb align=\u00a0\u00bbleft\u00a0\u00bb force_fullwidth=\u00a0\u00bboff\u00a0\u00bb always_center_on_mobile=\u00a0\u00bbon\u00a0\u00bb use_border_color=\u00a0\u00bboff\u00a0\u00bb border_color=\u00a0\u00bb#ffffff\u00a0\u00bb border_style=\u00a0\u00bbsolid\u00a0\u00bb] [\/et_pb_image][\/et_pb_column][et_pb_column type=\u00a0\u00bb2_3&Prime;][et_pb_text admin_label=\u00a0\u00bbTexte\u00a0\u00bb background_layout=\u00a0\u00bblight\u00a0\u00bb text_orientation=\u00a0\u00bbleft\u00a0\u00bb text_font_size=\u00a0\u00bb15&Prime; use_border_color=\u00a0\u00bboff\u00a0\u00bb border_color=\u00a0\u00bb#ffffff\u00a0\u00bb border_style=\u00a0\u00bbsolid\u00a0\u00bb]<\/p>\n<p><strong>FIN OCTOBRE<\/strong><\/p>\n<p>[\/et_pb_text][et_pb_text admin_label=\u00a0\u00bbTexte\u00a0\u00bb background_layout=\u00a0\u00bblight\u00a0\u00bb text_orientation=\u00a0\u00bbleft\u00a0\u00bb use_border_color=\u00a0\u00bboff\u00a0\u00bb border_color=\u00a0\u00bb#ffffff\u00a0\u00bb border_style=\u00a0\u00bbsolid\u00a0\u00bb]<\/p>\n<p>La <strong>f\u00eate de Samain<\/strong> est, dans la mythologie celtique, la f\u00eate c\u00e9l\u00e9brant le d\u00e9but de la saison \u00ab\u00a0sombre\u00a0\u00bb de l&rsquo;ann\u00e9e, c&rsquo;est-\u00e0-dire la p\u00e9riode hivernale. La tradition veut qu&rsquo;elle dure 1 semaine au alentour du 1er novembre, une semaine de \u00ab\u00a0non-temps\u00a0\u00bb durant laquelle les rites druidiques permettaient une connexion avec le monde de l&rsquo;au-del\u00e0.<\/p>\n<p>Aujourd&rsquo;hui, apr\u00e8s maintes m\u00e9tamorphoses, cette f\u00eate a donn\u00e9 naissances \u00e0 une f\u00eate bien connue et essentiellement pratiqu\u00e9e outre-Atlantique : <strong>l&rsquo;Halloween<\/strong> !<\/p>\n<p>[\/et_pb_text][\/et_pb_column][\/et_pb_row][et_pb_row admin_label=\u00a0\u00bbLigne\u00a0\u00bb][et_pb_column type=\u00a0\u00bb1_3&Prime;][et_pb_image admin_label=\u00a0\u00bbFall of Orionides Fest\u00a0\u00bb src=\u00a0\u00bbhttp:\/\/kawallaby.com\/wp-content\/uploads\/2016\/10\/Falls-of-Orionides-Fest.png\u00a0\u00bb show_in_lightbox=\u00a0\u00bboff\u00a0\u00bb url_new_window=\u00a0\u00bboff\u00a0\u00bb use_overlay=\u00a0\u00bboff\u00a0\u00bb animation=\u00a0\u00bboff\u00a0\u00bb sticky=\u00a0\u00bboff\u00a0\u00bb align=\u00a0\u00bbleft\u00a0\u00bb force_fullwidth=\u00a0\u00bboff\u00a0\u00bb always_center_on_mobile=\u00a0\u00bbon\u00a0\u00bb use_border_color=\u00a0\u00bboff\u00a0\u00bb border_color=\u00a0\u00bb#ffffff\u00a0\u00bb border_style=\u00a0\u00bbsolid\u00a0\u00bb url=\u00a0\u00bbhttp:\/\/kawallaby.com\/index.php\/2016\/10\/05\/001-falls-of-orionides-fest\/\u00a0\u00bb] [\/et_pb_image][\/et_pb_column][et_pb_column type=\u00a0\u00bb2_3&Prime;][et_pb_text admin_label=\u00a0\u00bbTexte\u00a0\u00bb background_layout=\u00a0\u00bblight\u00a0\u00bb text_orientation=\u00a0\u00bbleft\u00a0\u00bb text_font_size=\u00a0\u00bb15&Prime; use_border_color=\u00a0\u00bboff\u00a0\u00bb border_color=\u00a0\u00bb#ffffff\u00a0\u00bb border_style=\u00a0\u00bbsolid\u00a0\u00bb]<\/p>\n<p><strong>OCTOBRE<\/strong><\/p>\n<p>[\/et_pb_text][et_pb_text admin_label=\u00a0\u00bbTexte\u00a0\u00bb background_layout=\u00a0\u00bblight\u00a0\u00bb text_orientation=\u00a0\u00bbleft\u00a0\u00bb use_border_color=\u00a0\u00bboff\u00a0\u00bb border_color=\u00a0\u00bb#ffffff\u00a0\u00bb border_style=\u00a0\u00bbsolid\u00a0\u00bb]<\/p>\n<p>La <a href=\"http:\/\/kawallaby.com\/index.php\/2016\/10\/05\/001-falls-of-orionides-fest\/\"><strong>Falls of Orionides Fest<\/strong><\/a>, c&rsquo;est une f\u00eate qui dure tout le mois d&rsquo;octobre, mais dont l&rsquo;apog\u00e9e se situe le 21 octobre : la Terre traverse l&rsquo;essaim m\u00e9t\u00e9oritique laiss\u00e9 par la com\u00e8te Halley sur son orbite lors de ses diff\u00e9rents passages autour du Soleil.<\/p>\n<p><strong>Alors comment bien la f\u00eater ?<\/strong> Les soirs aux alentours du 21, si le ciel est d\u00e9gag\u00e9, observer simplement \u00e0 l&rsquo;\u0153il nu. Les \u00ab\u00a0\u00e9toiles filantes\u00a0\u00bb sembleront alors tomber de la constellation d&rsquo;Orion. Il en tombe au maximum une vingtaine par heure.<\/p>\n<p>[\/et_pb_text][\/et_pb_column][\/et_pb_row][et_pb_row admin_label=\u00a0\u00bbLigne\u00a0\u00bb][et_pb_column type=\u00a0\u00bb1_3&Prime;][et_pb_image admin_label=\u00a0\u00bbF\u00eate de la Science\u00a0\u00bb src=\u00a0\u00bbhttp:\/\/kawallaby.com\/wp-content\/uploads\/2016\/10\/fete-de-la-science-2014.jpg\u00a0\u00bb show_in_lightbox=\u00a0\u00bboff\u00a0\u00bb url_new_window=\u00a0\u00bboff\u00a0\u00bb use_overlay=\u00a0\u00bboff\u00a0\u00bb animation=\u00a0\u00bboff\u00a0\u00bb sticky=\u00a0\u00bboff\u00a0\u00bb align=\u00a0\u00bbleft\u00a0\u00bb force_fullwidth=\u00a0\u00bboff\u00a0\u00bb always_center_on_mobile=\u00a0\u00bbon\u00a0\u00bb use_border_color=\u00a0\u00bboff\u00a0\u00bb border_color=\u00a0\u00bb#ffffff\u00a0\u00bb border_style=\u00a0\u00bbsolid\u00a0\u00bb url=\u00a0\u00bbhttp:\/\/kawallaby.com\/index.php\/2016\/10\/05\/fete-de-la-science\/\u00a0\u00bb] [\/et_pb_image][\/et_pb_column][et_pb_column type=\u00a0\u00bb2_3&Prime;][et_pb_text admin_label=\u00a0\u00bbTexte\u00a0\u00bb background_layout=\u00a0\u00bblight\u00a0\u00bb text_orientation=\u00a0\u00bbleft\u00a0\u00bb text_font_size=\u00a0\u00bb15&Prime; use_border_color=\u00a0\u00bboff\u00a0\u00bb border_color=\u00a0\u00bb#ffffff\u00a0\u00bb border_style=\u00a0\u00bbsolid\u00a0\u00bb]<\/p>\n<p><strong>OCTOBRE<\/strong><\/p>\n<p>[\/et_pb_text][et_pb_text admin_label=\u00a0\u00bbTexte\u00a0\u00bb background_layout=\u00a0\u00bblight\u00a0\u00bb text_orientation=\u00a0\u00bbleft\u00a0\u00bb use_border_color=\u00a0\u00bboff\u00a0\u00bb border_color=\u00a0\u00bb#ffffff\u00a0\u00bb border_style=\u00a0\u00bbsolid\u00a0\u00bb]<\/p>\n<p>La <a href=\"http:\/\/kawallaby.com\/index.php\/2016\/10\/05\/fete-de-la-science\/\"><strong>F\u00eate de la science<\/strong><\/a>, c&rsquo;est plus de 5 000 expositions, conf\u00e9rences, spectacles&#8230; Aux quatre coins de la France, en rapport bien \u00e9videmment avec la science.<\/p>\n<p>Alors \u00e9videmment, cela peut aller d&rsquo;une conf\u00e9rence tr\u00e8s s\u00e9rieuse sur l&rsquo;usage des nanotechnologies aujourd&rsquo;hui et demain, \u00e0 la d\u00e9couverte de\u00a0laboratoires pr\u00e9sentant les prototypes\u00a0de nos futurs appareils high-techs : t\u00e9l\u00e9phones, ordinateurs, maisons et voitures intelligentes, cybern\u00e9tique, etc.<\/p>\n<p><strong>Alors comment bien la f\u00eater ?<\/strong> Pr\u00e9vois une sortie au mus\u00e9e des sciences du c\u00f4t\u00e9 de chez toi, il y a toujours des trucs marrants et int\u00e9ressants\u00a0\u00e0 y d\u00e9couvrir. Ici tu pourras compter notamment sur le <strong><a href=\"http:\/\/www.forumdepartementaldessciences.fr\/\">Forum des sciences <\/a><\/strong>de Villeneuve d&rsquo;Ascq.\u00a0Mais si tu le peux, le must du must reste de\u00a0d\u00e9couvrir\u00a0la <a href=\"http:\/\/www.cite-sciences.fr\/fr\/accueil\/\"><strong>Cit\u00e9 des sciences et de l&rsquo;industrie<\/strong><\/a> ou encore le <a href=\"http:\/\/www.palais-decouverte.fr\/fr\/accueil\/\"><strong>Palais de la d\u00e9couverte<\/strong> <\/a>\u00e0 Paris. Enfin, se renseigner sur les \u00e9v\u00e9nements ayant lieux pr\u00e8s de chez soi reste une bonne id\u00e9e, alors rendez-vous sur le site officiel de la <a href=\"https:\/\/www.fetedelascience.fr\/\"><strong>F\u00eate de la science<\/strong><\/a>.<\/p>\n<p>[\/et_pb_text][\/et_pb_column][\/et_pb_row][et_pb_row admin_label=\u00a0\u00bbLigne\u00a0\u00bb][et_pb_column type=\u00a0\u00bb1_3&Prime;][et_pb_image admin_label=\u00a0\u00bbJour de la nuit\u00a0\u00bb src=\u00a0\u00bbhttp:\/\/kawallaby.com\/wp-content\/uploads\/2016\/10\/logo_jour-de-la-nuit_fondblanc.jpg\u00a0\u00bb show_in_lightbox=\u00a0\u00bboff\u00a0\u00bb url_new_window=\u00a0\u00bboff\u00a0\u00bb use_overlay=\u00a0\u00bboff\u00a0\u00bb animation=\u00a0\u00bboff\u00a0\u00bb sticky=\u00a0\u00bboff\u00a0\u00bb align=\u00a0\u00bbleft\u00a0\u00bb force_fullwidth=\u00a0\u00bboff\u00a0\u00bb always_center_on_mobile=\u00a0\u00bbon\u00a0\u00bb use_border_color=\u00a0\u00bboff\u00a0\u00bb border_color=\u00a0\u00bb#ffffff\u00a0\u00bb border_style=\u00a0\u00bbsolid\u00a0\u00bb url=\u00a0\u00bbhttp:\/\/kawallaby.com\/index.php\/2016\/10\/05\/8e-edition-du-jour-de-la-nuit\/\u00a0\u00bb] [\/et_pb_image][\/et_pb_column][et_pb_column type=\u00a0\u00bb2_3&Prime;][et_pb_text admin_label=\u00a0\u00bbTexte\u00a0\u00bb background_layout=\u00a0\u00bblight\u00a0\u00bb text_orientation=\u00a0\u00bbleft\u00a0\u00bb text_font_size=\u00a0\u00bb15&Prime; use_border_color=\u00a0\u00bboff\u00a0\u00bb border_color=\u00a0\u00bb#ffffff\u00a0\u00bb border_style=\u00a0\u00bbsolid\u00a0\u00bb]<\/p>\n<p><strong>OCTOBRE<\/strong><\/p>\n<p>[\/et_pb_text][et_pb_text admin_label=\u00a0\u00bbTexte\u00a0\u00bb background_layout=\u00a0\u00bblight\u00a0\u00bb text_orientation=\u00a0\u00bbleft\u00a0\u00bb use_border_color=\u00a0\u00bboff\u00a0\u00bb border_color=\u00a0\u00bb#ffffff\u00a0\u00bb border_style=\u00a0\u00bbsolid\u00a0\u00bb]<\/p>\n<p>Le <a href=\"http:\/\/kawallaby.com\/index.php\/2016\/10\/05\/8e-edition-du-jour-de-la-nuit\/\"><strong>Jour de la Nuit<\/strong><\/a> est une op\u00e9ration de sensibilisation \u00e0 la pollution lumineuse, \u00e0 la protection de la biodiversit\u00e9 nocturne et du ciel \u00e9toil\u00e9. Une bonne pr\u00e9paration en vue de la Falls of Orionides Fest ! Au programme de cette journ\u00e9e de la nuit : des balades nocturnes, des observations des \u00e9toiles et surtout pour favoriser tout \u00e7a : l&rsquo;extinction d&rsquo;un maximum de lumi\u00e8re !<\/p>\n<dl>\n<dt><strong>Alors comment bien la f\u00eater ?<\/strong> Se motiver tout en se renseignant sur ce ph\u00e9nom\u00e8ne sur le site officiel du <a href=\"http:\/\/www.jourdelanuit.fr\/\"><strong>Jour de la nuit<\/strong><\/a>, et ne pas h\u00e9siter \u00e0 planifier une sortie ce samedi soir \u00e0 cette occasion.<\/dt>\n<\/dl>\n<p>[\/et_pb_text][\/et_pb_column][\/et_pb_row][et_pb_row admin_label=\u00a0\u00bbLigne\u00a0\u00bb][et_pb_column type=\u00a0\u00bb4_4&Prime;][et_pb_text admin_label=\u00a0\u00bbTexte\u00a0\u00bb background_layout=\u00a0\u00bblight\u00a0\u00bb text_orientation=\u00a0\u00bbleft\u00a0\u00bb text_font_size=\u00a0\u00bb11&Prime; text_text_color=\u00a0\u00bb#3d3d3d\u00a0\u00bb use_border_color=\u00a0\u00bboff\u00a0\u00bb border_color=\u00a0\u00bb#ffffff\u00a0\u00bb border_style=\u00a0\u00bbsolid\u00a0\u00bb]<\/p>\n<p>&nbsp;<\/p>\n<p>&nbsp;<\/p>\n<p>&nbsp;<\/p>\n<p>&nbsp;<\/p>\n<p>&nbsp;<\/p>\n<p>&nbsp;<\/p>\n<p>Auteur de l&rsquo;image avec jack o&rsquo;lantern : Anders Lageras<\/p>\n<p>[\/et_pb_text][\/et_pb_column][\/et_pb_row][\/et_pb_section]<\/p>\n","protected":false},"excerpt":{"rendered":"<p>AGENDA et SORTIES du Wallaby Tu pourras retrouver sur cette page l&rsquo;agenda du Wallaby, c&rsquo;est-\u00e0-dire tout un tas d&rsquo;\u00e9v\u00e9nements le plus souvent scientifiques. Tu pourras trouver la liste des \u00e9v\u00e9nements et des conseils bien pratiques pour passer de bons moments, \u00e0 la suite de l&rsquo;agenda. Tu pourras m\u00eame acc\u00e9der \u00e0 un article d\u00e9taill\u00e9 en cliquant [&hellip;]<\/p>\n","protected":false},"author":1,"featured_media":0,"parent":0,"menu_order":0,"comment_status":"closed","ping_status":"closed","template":"","meta":{"_et_pb_use_builder":"on","_et_pb_old_content":"","_et_gb_content_width":"","footnotes":""},"_links":{"self":[{"href":"https:\/\/kawallaby.com\/index.php\/wp-json\/wp\/v2\/pages\/776"}],"collection":[{"href":"https:\/\/kawallaby.com\/index.php\/wp-json\/wp\/v2\/pages"}],"about":[{"href":"https:\/\/kawallaby.com\/index.php\/wp-json\/wp\/v2\/types\/page"}],"author":[{"embeddable":true,"href":"https:\/\/kawallaby.com\/index.php\/wp-json\/wp\/v2\/users\/1"}],"replies":[{"embeddable":true,"href":"https:\/\/kawallaby.com\/index.php\/wp-json\/wp\/v2\/comments?post=776"}],"version-history":[{"count":86,"href":"https:\/\/kawallaby.com\/index.php\/wp-json\/wp\/v2\/pages\/776\/revisions"}],"predecessor-version":[{"id":2536,"href":"https:\/\/kawallaby.com\/index.php\/wp-json\/wp\/v2\/pages\/776\/revisions\/2536"}],"wp:attachment":[{"href":"https:\/\/kawallaby.com\/index.php\/wp-json\/wp\/v2\/media?parent=776"}],"curies":[{"name":"wp","href":"https:\/\/api.w.org\/{rel}","templated":true}]}}